{"id":4080,"date":"2022-05-03T12:11:07","date_gmt":"2022-05-03T15:11:07","guid":{"rendered":"https:\/\/famd.utalca.cl\/?page_id=4080"},"modified":"2022-05-25T13:49:15","modified_gmt":"2022-05-25T16:49:15","slug":"internacionalizacion","status":"publish","type":"page","link":"https:\/\/famd.utalca.cl\/?page_id=4080","title":{"rendered":"Internacionalizaci\u00f3n"},"content":{"rendered":"\t\t<div data-elementor-type=\"wp-page\" data-elementor-id=\"4080\" class=\"elementor elementor-4080\" data-elementor-settings=\"[]\">\n\t\t\t\t\t\t\t<div class=\"elementor-section-wrap\">\n\t\t\t\t\t\t\t<section class=\"elementor-section elementor-top-section elementor-element elementor-element-c0276f8 elementor-section-boxed elementor-section-height-default elementor-section-height-default\" data-id=\"c0276f8\" data-element_type=\"section\" data-settings=\"{&quot;architecturer_ext_is_background_parallax&quot;:&quot;false&quot;,&quot;architecturer_ext_is_background_on_scroll&quot;:&quot;false&quot;}\">\n\t\t\t\t\t\t<div class=\"elementor-container elementor-column-gap-default\">\n\t\t\t\t\t<div class=\"elementor-column elementor-col-100 elementor-top-column elementor-element elementor-element-b43fed2\" data-id=\"b43fed2\" data-element_type=\"column\" data-settings=\"{&quot;architecturer_ext_is_mobile_menu&quot;:&quot;false&quot;,&quot;architecturer_ext_is_scrollme&quot;:&quot;false&quot;,&quot;architecturer_ext_is_smoove&quot;:&quot;false&quot;,&quot;architecturer_ext_is_parallax_mouse&quot;:&quot;false&quot;,&quot;architecturer_ext_is_infinite&quot;:&quot;false&quot;,&quot;architecturer_ext_is_fadeout_animation&quot;:&quot;false&quot;}\">\n\t\t\t<div class=\"elementor-widget-wrap elementor-element-populated\">\n\t\t\t\t\t\t\t\t<div class=\"elementor-element elementor-element-58cd0e5 elementor-widget elementor-widget-heading\" data-id=\"58cd0e5\" data-element_type=\"widget\" data-settings=\"{&quot;architecturer_ext_is_mobile_menu&quot;:&quot;false&quot;,&quot;architecturer_ext_is_scrollme&quot;:&quot;false&quot;,&quot;architecturer_ext_is_smoove&quot;:&quot;false&quot;,&quot;architecturer_ext_is_parallax_mouse&quot;:&quot;false&quot;,&quot;architecturer_ext_is_infinite&quot;:&quot;false&quot;,&quot;architecturer_ext_is_fadeout_animation&quot;:&quot;false&quot;}\" data-widget_type=\"heading.default\">\n\t\t\t\t<div class=\"elementor-widget-container\">\n\t\t\t<h2 class=\"elementor-heading-title elementor-size-default\"><br><br><br><br><br>Internacionalizaci\u00f3n FAMD<\/h2>\t\t<\/div>\n\t\t\t\t<\/div>\n\t\t\t\t\t<\/div>\n\t\t<\/div>\n\t\t\t\t\t\t\t<\/div>\n\t\t<\/section>\n\t\t\t\t<section class=\"elementor-section elementor-top-section elementor-element elementor-element-9406326 elementor-section-boxed elementor-section-height-default elementor-section-height-default\" data-id=\"9406326\" data-element_type=\"section\" data-settings=\"{&quot;architecturer_ext_is_background_parallax&quot;:&quot;false&quot;,&quot;architecturer_ext_is_background_on_scroll&quot;:&quot;false&quot;}\">\n\t\t\t\t\t\t<div class=\"elementor-container elementor-column-gap-default\">\n\t\t\t\t\t<div class=\"elementor-column elementor-col-50 elementor-top-column elementor-element elementor-element-1db921c\" data-id=\"1db921c\" data-element_type=\"column\" data-settings=\"{&quot;architecturer_ext_is_mobile_menu&quot;:&quot;false&quot;,&quot;architecturer_ext_is_scrollme&quot;:&quot;false&quot;,&quot;architecturer_ext_is_smoove&quot;:&quot;false&quot;,&quot;architecturer_ext_is_parallax_mouse&quot;:&quot;false&quot;,&quot;architecturer_ext_is_infinite&quot;:&quot;false&quot;,&quot;architecturer_ext_is_fadeout_animation&quot;:&quot;false&quot;}\">\n\t\t\t<div class=\"elementor-widget-wrap elementor-element-populated\">\n\t\t\t\t\t\t\t\t<div class=\"elementor-element elementor-element-09bec9c elementor-widget elementor-widget-text-editor\" data-id=\"09bec9c\" data-element_type=\"widget\" data-settings=\"{&quot;architecturer_ext_is_mobile_menu&quot;:&quot;false&quot;,&quot;architecturer_ext_is_scrollme&quot;:&quot;false&quot;,&quot;architecturer_ext_is_smoove&quot;:&quot;false&quot;,&quot;architecturer_ext_is_parallax_mouse&quot;:&quot;false&quot;,&quot;architecturer_ext_is_infinite&quot;:&quot;false&quot;,&quot;architecturer_ext_is_fadeout_animation&quot;:&quot;false&quot;}\" data-widget_type=\"text-editor.default\">\n\t\t\t\t<div class=\"elementor-widget-container\">\n\t\t\t\t\t\t\t<p><span style=\"color: gray; font-family: Helvetica, sans-serif; font-size: 16px;\">La <\/span><b style=\"color: gray; font-family: Helvetica, sans-serif; font-style: inherit;\">internacionalizaci\u00f3n de la Facultad<\/b><span style=\"color: gray; font-family: Helvetica, sans-serif; font-size: 16px;\">\u00a0como medio de transferencia de conocimiento, aprendizaje y experiencia personal.\u00a0<\/span><\/p><p><span style=\"color: gray; font-family: Helvetica, sans-serif; font-size: 16px;\">La Facultad de Arquitectura, M\u00fasica y Dise\u00f1o, y sus escuelas adscritas, mantiene y fomenta una serie de convenios internacionales, con destacadas y reconocidas Universidades Europeas y Latinoamericanas, en sus distintos niveles de pasant\u00eda; intercambio en el pregrado, publicaciones internacionales, estad\u00eda internacional \u00fanico en su plan de estudios,\u00a0pr\u00e1cticas profesionales,\u00a0experiencia en conciertos, performances de exalumnos en el \u00e1mbito internacional, bienales, ferias, seminarios, congresos y un destacado elenco de profesores extranjeros.\u00a0\u00a0<\/span><\/p><p><span style=\"color: gray; font-family: Helvetica, sans-serif; font-size: 16px;\">La que se vincula a trav\u00e9s de las\u00a0pol\u00edticas de internacionalizaci\u00f3n de la Universidad de Talca, y las que han surgido por las fuerzas de la globalizaci\u00f3n y por los procesos de cambios en la educaci\u00f3n, a trav\u00e9s del conocimiento y el aprendizaje continuo. Con \u00e9nfasis en la b\u00fasqueda de nuevos conocimientos, destac\u00e1ndose la promoci\u00f3n de la internacionalizaci\u00f3n de las actividades universitarias, facilitando el accionar de profesores y alumnos en una sociedad global y multicultural.\u00a0<\/span><\/p><p><span style=\"color: gray; font-family: Helvetica, sans-serif; font-size: 16px; text-align: justify;\">\u00a0<\/span><\/p><p><span style=\"color: gray; font-family: Helvetica, sans-serif; font-size: 16px; text-align: justify;\">\u00a0<\/span><\/p>\t\t\t\t\t\t<\/div>\n\t\t\t\t<\/div>\n\t\t\t\t\t<\/div>\n\t\t<\/div>\n\t\t\t\t<div class=\"elementor-column elementor-col-50 elementor-top-column elementor-element elementor-element-f0c9a0f\" data-id=\"f0c9a0f\" data-element_type=\"column\" data-settings=\"{&quot;architecturer_ext_is_mobile_menu&quot;:&quot;false&quot;,&quot;architecturer_ext_is_scrollme&quot;:&quot;false&quot;,&quot;architecturer_ext_is_smoove&quot;:&quot;false&quot;,&quot;architecturer_ext_is_parallax_mouse&quot;:&quot;false&quot;,&quot;architecturer_ext_is_infinite&quot;:&quot;false&quot;,&quot;architecturer_ext_is_fadeout_animation&quot;:&quot;false&quot;}\">\n\t\t\t<div class=\"elementor-widget-wrap\">\n\t\t\t\t\t\t\t\t\t<\/div>\n\t\t<\/div>\n\t\t\t\t\t\t\t<\/div>\n\t\t<\/section>\n\t\t\t\t<section class=\"elementor-section elementor-top-section elementor-element elementor-element-d3683b4 elementor-section-boxed elementor-section-height-default elementor-section-height-default\" data-id=\"d3683b4\" data-element_type=\"section\" data-settings=\"{&quot;architecturer_ext_is_background_parallax&quot;:&quot;false&quot;,&quot;architecturer_ext_is_background_on_scroll&quot;:&quot;false&quot;}\">\n\t\t\t\t\t\t<div class=\"elementor-container elementor-column-gap-default\">\n\t\t\t\t\t<div class=\"elementor-column elementor-col-100 elementor-top-column elementor-element elementor-element-dd079b1\" data-id=\"dd079b1\" data-element_type=\"column\" data-settings=\"{&quot;architecturer_ext_is_mobile_menu&quot;:&quot;false&quot;,&quot;architecturer_ext_is_scrollme&quot;:&quot;false&quot;,&quot;architecturer_ext_is_smoove&quot;:&quot;false&quot;,&quot;architecturer_ext_is_parallax_mouse&quot;:&quot;false&quot;,&quot;architecturer_ext_is_infinite&quot;:&quot;false&quot;,&quot;architecturer_ext_is_fadeout_animation&quot;:&quot;false&quot;}\">\n\t\t\t<div class=\"elementor-widget-wrap\">\n\t\t\t\t\t\t\t\t\t<\/div>\n\t\t<\/div>\n\t\t\t\t\t\t\t<\/div>\n\t\t<\/section>\n\t\t\t\t<section class=\"elementor-section elementor-top-section elementor-element elementor-element-9c82c2b elementor-section-boxed elementor-section-height-default elementor-section-height-default\" data-id=\"9c82c2b\" data-element_type=\"section\" data-settings=\"{&quot;architecturer_ext_is_background_parallax&quot;:&quot;false&quot;,&quot;architecturer_ext_is_background_on_scroll&quot;:&quot;false&quot;}\">\n\t\t\t\t\t\t<div class=\"elementor-container elementor-column-gap-default\">\n\t\t\t\t\t<div class=\"elementor-column elementor-col-100 elementor-top-column elementor-element elementor-element-bb9a608\" data-id=\"bb9a608\" data-element_type=\"column\" data-settings=\"{&quot;architecturer_ext_is_mobile_menu&quot;:&quot;false&quot;,&quot;architecturer_ext_is_scrollme&quot;:&quot;false&quot;,&quot;architecturer_ext_is_smoove&quot;:&quot;false&quot;,&quot;architecturer_ext_is_parallax_mouse&quot;:&quot;false&quot;,&quot;architecturer_ext_is_infinite&quot;:&quot;false&quot;,&quot;architecturer_ext_is_fadeout_animation&quot;:&quot;false&quot;}\">\n\t\t\t<div class=\"elementor-widget-wrap elementor-element-populated\">\n\t\t\t\t\t\t\t\t<div class=\"elementor-element elementor-element-3ac8123 elementor-widget elementor-widget-gallery\" data-id=\"3ac8123\" data-element_type=\"widget\" data-settings=\"{&quot;columns&quot;:3,&quot;lazyload&quot;:&quot;yes&quot;,&quot;gallery_layout&quot;:&quot;grid&quot;,&quot;columns_tablet&quot;:2,&quot;columns_mobile&quot;:1,&quot;gap&quot;:{&quot;unit&quot;:&quot;px&quot;,&quot;size&quot;:10,&quot;sizes&quot;:[]},&quot;gap_tablet&quot;:{&quot;unit&quot;:&quot;px&quot;,&quot;size&quot;:10,&quot;sizes&quot;:[]},&quot;gap_mobile&quot;:{&quot;unit&quot;:&quot;px&quot;,&quot;size&quot;:10,&quot;sizes&quot;:[]},&quot;link_to&quot;:&quot;file&quot;,&quot;aspect_ratio&quot;:&quot;3:2&quot;,&quot;overlay_background&quot;:&quot;yes&quot;,&quot;content_hover_animation&quot;:&quot;fade-in&quot;,&quot;architecturer_ext_is_mobile_menu&quot;:&quot;false&quot;,&quot;architecturer_ext_is_scrollme&quot;:&quot;false&quot;,&quot;architecturer_ext_is_smoove&quot;:&quot;false&quot;,&quot;architecturer_ext_is_parallax_mouse&quot;:&quot;false&quot;,&quot;architecturer_ext_is_infinite&quot;:&quot;false&quot;,&quot;architecturer_ext_is_fadeout_animation&quot;:&quot;false&quot;}\" data-widget_type=\"gallery.default\">\n\t\t\t\t<div class=\"elementor-widget-container\">\n\t\t\t\t\t<div class=\"elementor-gallery__container\">\n\t\t\t\t\t\t\t<a class=\"e-gallery-item elementor-gallery-item elementor-animated-content\" href=\"https:\/\/famd.utalca.cl\/wp-content\/uploads\/2022\/05\/Internacionalizacio\u0301n-Arquitectura.1.png\" data-elementor-open-lightbox=\"yes\" data-elementor-lightbox-slideshow=\"all-3ac8123\" data-elementor-lightbox-title=\"PABELL\u00d3N DE CHILE EN LA 15\u00ba EXIBICI\u00d3N INTERNACIONAL DE ARQUITECTURA, BIENAL DE VENECIA 2016\">\n\t\t\t\t\t<div class=\"e-gallery-image elementor-gallery-item__image\" data-thumbnail=\"https:\/\/famd.utalca.cl\/wp-content\/uploads\/2022\/05\/Internacionalizacio\u0301n-Arquitectura.1-300x200.png\" data-width=\"300\" data-height=\"200\" alt=\"\" ><\/div>\n\t\t\t\t\t\t\t\t\t\t\t<div class=\"elementor-gallery-item__overlay\"><\/div>\n\t\t\t\t\t\t\t\t\t\t\t\t\t\t<\/a>\n\t\t\t\t\t\t\t<a class=\"e-gallery-item elementor-gallery-item elementor-animated-content\" href=\"https:\/\/famd.utalca.cl\/wp-content\/uploads\/2022\/05\/Internacionalizacio\u0301n-Arquitectura.2.png\" data-elementor-open-lightbox=\"yes\" data-elementor-lightbox-slideshow=\"all-3ac8123\" data-elementor-lightbox-title=\"PUBLICACI\u00d3N REVISTA ARQUITECTURA SUMMA+ EDICI\u00d3N 103, 2009\">\n\t\t\t\t\t<div class=\"e-gallery-image elementor-gallery-item__image\" data-thumbnail=\"https:\/\/famd.utalca.cl\/wp-content\/uploads\/2022\/05\/Internacionalizacio\u0301n-Arquitectura.2-300x162.png\" data-width=\"300\" data-height=\"162\" alt=\"\" ><\/div>\n\t\t\t\t\t\t\t\t\t\t\t<div class=\"elementor-gallery-item__overlay\"><\/div>\n\t\t\t\t\t\t\t\t\t\t\t\t\t\t<\/a>\n\t\t\t\t\t\t\t<a class=\"e-gallery-item elementor-gallery-item elementor-animated-content\" href=\"https:\/\/famd.utalca.cl\/wp-content\/uploads\/2022\/05\/Internacionalizacio\u0301n-Mu\u0301sica.2.png\" data-elementor-open-lightbox=\"yes\" data-elementor-lightbox-slideshow=\"all-3ac8123\" data-elementor-lightbox-title=\"ANTONIO FORMARO, PIANO, MUSICOLOG\u00cdA, JORNADAS MUSICALES PROFESORES VISITANTES\">\n\t\t\t\t\t<div class=\"e-gallery-image elementor-gallery-item__image\" data-thumbnail=\"https:\/\/famd.utalca.cl\/wp-content\/uploads\/2022\/05\/Internacionalizacio\u0301n-Mu\u0301sica.2-300x199.png\" data-width=\"300\" data-height=\"199\" alt=\"\" ><\/div>\n\t\t\t\t\t\t\t\t\t\t\t<div class=\"elementor-gallery-item__overlay\"><\/div>\n\t\t\t\t\t\t\t\t\t\t\t\t\t\t<\/a>\n\t\t\t\t\t\t\t<a class=\"e-gallery-item elementor-gallery-item elementor-animated-content\" href=\"https:\/\/famd.utalca.cl\/wp-content\/uploads\/2022\/05\/Internacionalizacio\u0301n-Mu\u0301sica.1.png\" data-elementor-open-lightbox=\"yes\" data-elementor-lightbox-slideshow=\"all-3ac8123\" data-elementor-lightbox-title=\"CARLOS VALD\u00c9S, FLAUTA TRAVERSA, GIRA EUROPA\">\n\t\t\t\t\t<div class=\"e-gallery-image elementor-gallery-item__image\" data-thumbnail=\"https:\/\/famd.utalca.cl\/wp-content\/uploads\/2022\/05\/Internacionalizacio\u0301n-Mu\u0301sica.1-300x169.png\" data-width=\"300\" data-height=\"169\" alt=\"\" ><\/div>\n\t\t\t\t\t\t\t\t\t\t\t<div class=\"elementor-gallery-item__overlay\"><\/div>\n\t\t\t\t\t\t\t\t\t\t\t\t\t\t<\/a>\n\t\t\t\t\t\t\t<a class=\"e-gallery-item elementor-gallery-item elementor-animated-content\" href=\"https:\/\/famd.utalca.cl\/wp-content\/uploads\/2022\/05\/Internacionalizacio\u0301n-Disen\u0303o.1.png\" data-elementor-open-lightbox=\"yes\" data-elementor-lightbox-slideshow=\"all-3ac8123\" data-elementor-lightbox-title=\"ESTAD\u00cdA INTERNACIONAL DISE\u00d1O, UNIVERSIDAD DE GIRONA UDG, ESPA\u00d1A\">\n\t\t\t\t\t<div class=\"e-gallery-image elementor-gallery-item__image\" data-thumbnail=\"https:\/\/famd.utalca.cl\/wp-content\/uploads\/2022\/05\/Internacionalizacio\u0301n-Disen\u0303o.1-300x164.png\" data-width=\"300\" data-height=\"164\" alt=\"\" ><\/div>\n\t\t\t\t\t\t\t\t\t\t\t<div class=\"elementor-gallery-item__overlay\"><\/div>\n\t\t\t\t\t\t\t\t\t\t\t\t\t\t<\/a>\n\t\t\t\t\t\t\t<a class=\"e-gallery-item elementor-gallery-item elementor-animated-content\" href=\"https:\/\/famd.utalca.cl\/wp-content\/uploads\/2022\/05\/Internacionalizacio\u0301n-Disen\u0303o.2.png\" data-elementor-open-lightbox=\"yes\" data-elementor-lightbox-slideshow=\"all-3ac8123\" data-elementor-lightbox-title=\"ESTAD\u00cdA INTERNACIONAL DISE\u00d1O, UNIVERSIDAD DE GIRONA UDG, ESPA\u00d1A\">\n\t\t\t\t\t<div class=\"e-gallery-image elementor-gallery-item__image\" data-thumbnail=\"https:\/\/famd.utalca.cl\/wp-content\/uploads\/2022\/05\/Internacionalizacio\u0301n-Disen\u0303o.2-300x155.png\" data-width=\"300\" data-height=\"155\" alt=\"\" ><\/div>\n\t\t\t\t\t\t\t\t\t\t\t<div class=\"elementor-gallery-item__overlay\"><\/div>\n\t\t\t\t\t\t\t\t\t\t\t\t\t\t<\/a>\n\t\t\t\t\t<\/div>\n\t\t\t<\/div>\n\t\t\t\t<\/div>\n\t\t\t\t\t<\/div>\n\t\t<\/div>\n\t\t\t\t\t\t\t<\/div>\n\t\t<\/section>\n\t\t\t\t<section class=\"elementor-section elementor-top-section elementor-element elementor-element-dbe84c5 elementor-section-boxed elementor-section-height-default elementor-section-height-default\" data-id=\"dbe84c5\" data-element_type=\"section\" data-settings=\"{&quot;architecturer_ext_is_background_parallax&quot;:&quot;false&quot;,&quot;architecturer_ext_is_background_on_scroll&quot;:&quot;false&quot;}\">\n\t\t\t\t\t\t<div class=\"elementor-container elementor-column-gap-default\">\n\t\t\t\t\t<div class=\"elementor-column elementor-col-100 elementor-top-column elementor-element elementor-element-33f4e00\" data-id=\"33f4e00\" data-element_type=\"column\" data-settings=\"{&quot;architecturer_ext_is_mobile_menu&quot;:&quot;false&quot;,&quot;architecturer_ext_is_scrollme&quot;:&quot;false&quot;,&quot;architecturer_ext_is_smoove&quot;:&quot;false&quot;,&quot;architecturer_ext_is_parallax_mouse&quot;:&quot;false&quot;,&quot;architecturer_ext_is_infinite&quot;:&quot;false&quot;,&quot;architecturer_ext_is_fadeout_animation&quot;:&quot;false&quot;}\">\n\t\t\t<div class=\"elementor-widget-wrap elementor-element-populated\">\n\t\t\t\t\t\t\t\t<div class=\"elementor-element elementor-element-813f80d elementor-widget elementor-widget-spacer\" data-id=\"813f80d\" data-element_type=\"widget\" data-settings=\"{&quot;architecturer_ext_is_mobile_menu&quot;:&quot;false&quot;,&quot;architecturer_ext_is_scrollme&quot;:&quot;false&quot;,&quot;architecturer_ext_is_smoove&quot;:&quot;false&quot;,&quot;architecturer_ext_is_parallax_mouse&quot;:&quot;false&quot;,&quot;architecturer_ext_is_infinite&quot;:&quot;false&quot;,&quot;architecturer_ext_is_fadeout_animation&quot;:&quot;false&quot;}\" data-widget_type=\"spacer.default\">\n\t\t\t\t<div class=\"elementor-widget-container\">\n\t\t\t\t\t<div class=\"elementor-spacer\">\n\t\t\t<div class=\"elementor-spacer-inner\"><\/div>\n\t\t<\/div>\n\t\t\t\t<\/div>\n\t\t\t\t<\/div>\n\t\t\t\t\t<\/div>\n\t\t<\/div>\n\t\t\t\t\t\t\t<\/div>\n\t\t<\/section>\n\t\t\t\t\t\t<\/div>\n\t\t\t\t\t<\/div>\n\t\t","protected":false},"excerpt":{"rendered":"<p>Internacionalizaci\u00f3n FAMD La internacionalizaci\u00f3n de la Facultad\u00a0como medio de transferencia de conocimiento, aprendizaje y experiencia personal.\u00a0 La Facultad de Arquitectura, M\u00fasica y Dise\u00f1o, y sus escuelas adscritas, mantiene y fomenta una serie de convenios internacionales, con destacadas y reconocidas Universidades [&hellip;]<\/p>\n","protected":false},"author":1,"featured_media":0,"parent":0,"menu_order":0,"comment_status":"closed","ping_status":"closed","template":"elementor_header_footer","meta":[],"_links":{"self":[{"href":"https:\/\/famd.utalca.cl\/index.php?rest_route=\/wp\/v2\/pages\/4080"}],"collection":[{"href":"https:\/\/famd.utalca.cl\/index.php?rest_route=\/wp\/v2\/pages"}],"about":[{"href":"https:\/\/famd.utalca.cl\/index.php?rest_route=\/wp\/v2\/types\/page"}],"author":[{"embeddable":true,"href":"https:\/\/famd.utalca.cl\/index.php?rest_route=\/wp\/v2\/users\/1"}],"replies":[{"embeddable":true,"href":"https:\/\/famd.utalca.cl\/index.php?rest_route=%2Fwp%2Fv2%2Fcomments&post=4080"}],"version-history":[{"count":40,"href":"https:\/\/famd.utalca.cl\/index.php?rest_route=\/wp\/v2\/pages\/4080\/revisions"}],"predecessor-version":[{"id":4201,"href":"https:\/\/famd.utalca.cl\/index.php?rest_route=\/wp\/v2\/pages\/4080\/revisions\/4201"}],"wp:attachment":[{"href":"https:\/\/famd.utalca.cl\/index.php?rest_route=%2Fwp%2Fv2%2Fmedia&parent=4080"}],"curies":[{"name":"wp","href":"https:\/\/api.w.org\/{rel}","templated":true}]}}