{"id":4190,"date":"2022-05-25T13:38:42","date_gmt":"2022-05-25T16:38:42","guid":{"rendered":"https:\/\/famd.utalca.cl\/?page_id=4190"},"modified":"2022-05-25T13:44:15","modified_gmt":"2022-05-25T16:44:15","slug":"paises","status":"publish","type":"page","link":"https:\/\/famd.utalca.cl\/?page_id=4190","title":{"rendered":"Pa\u00edses"},"content":{"rendered":"\t\t<div data-elementor-type=\"wp-page\" data-elementor-id=\"4190\" class=\"elementor elementor-4190\" data-elementor-settings=\"[]\">\n\t\t\t\t\t\t\t<div class=\"elementor-section-wrap\">\n\t\t\t\t\t\t\t<section class=\"elementor-section elementor-top-section elementor-element elementor-element-c0276f8 elementor-section-boxed elementor-section-height-default elementor-section-height-default\" data-id=\"c0276f8\" data-element_type=\"section\" data-settings=\"{&quot;architecturer_ext_is_background_parallax&quot;:&quot;false&quot;,&quot;architecturer_ext_is_background_on_scroll&quot;:&quot;false&quot;}\">\n\t\t\t\t\t\t<div class=\"elementor-container elementor-column-gap-default\">\n\t\t\t\t\t<div class=\"elementor-column elementor-col-100 elementor-top-column elementor-element elementor-element-b43fed2\" data-id=\"b43fed2\" data-element_type=\"column\" data-settings=\"{&quot;architecturer_ext_is_mobile_menu&quot;:&quot;false&quot;,&quot;architecturer_ext_is_scrollme&quot;:&quot;false&quot;,&quot;architecturer_ext_is_smoove&quot;:&quot;false&quot;,&quot;architecturer_ext_is_parallax_mouse&quot;:&quot;false&quot;,&quot;architecturer_ext_is_infinite&quot;:&quot;false&quot;,&quot;architecturer_ext_is_fadeout_animation&quot;:&quot;false&quot;}\">\n\t\t\t<div class=\"elementor-widget-wrap elementor-element-populated\">\n\t\t\t\t\t\t\t\t<div class=\"elementor-element elementor-element-58cd0e5 elementor-widget elementor-widget-heading\" data-id=\"58cd0e5\" data-element_type=\"widget\" data-settings=\"{&quot;architecturer_ext_is_mobile_menu&quot;:&quot;false&quot;,&quot;architecturer_ext_is_scrollme&quot;:&quot;false&quot;,&quot;architecturer_ext_is_smoove&quot;:&quot;false&quot;,&quot;architecturer_ext_is_parallax_mouse&quot;:&quot;false&quot;,&quot;architecturer_ext_is_infinite&quot;:&quot;false&quot;,&quot;architecturer_ext_is_fadeout_animation&quot;:&quot;false&quot;}\" data-widget_type=\"heading.default\">\n\t\t\t\t<div class=\"elementor-widget-container\">\n\t\t\t<h2 class=\"elementor-heading-title elementor-size-default\"><br><br><br><br><br>Convenios FAMD<\/h2>\t\t<\/div>\n\t\t\t\t<\/div>\n\t\t\t\t\t<\/div>\n\t\t<\/div>\n\t\t\t\t\t\t\t<\/div>\n\t\t<\/section>\n\t\t\t\t<section class=\"elementor-section elementor-top-section elementor-element elementor-element-9406326 elementor-section-boxed elementor-section-height-default elementor-section-height-default\" data-id=\"9406326\" data-element_type=\"section\" data-settings=\"{&quot;architecturer_ext_is_background_parallax&quot;:&quot;false&quot;,&quot;architecturer_ext_is_background_on_scroll&quot;:&quot;false&quot;}\">\n\t\t\t\t\t\t<div class=\"elementor-container elementor-column-gap-default\">\n\t\t\t\t\t<div class=\"elementor-column elementor-col-50 elementor-top-column elementor-element elementor-element-1db921c\" data-id=\"1db921c\" data-element_type=\"column\" data-settings=\"{&quot;architecturer_ext_is_mobile_menu&quot;:&quot;false&quot;,&quot;architecturer_ext_is_scrollme&quot;:&quot;false&quot;,&quot;architecturer_ext_is_smoove&quot;:&quot;false&quot;,&quot;architecturer_ext_is_parallax_mouse&quot;:&quot;false&quot;,&quot;architecturer_ext_is_infinite&quot;:&quot;false&quot;,&quot;architecturer_ext_is_fadeout_animation&quot;:&quot;false&quot;}\">\n\t\t\t<div class=\"elementor-widget-wrap elementor-element-populated\">\n\t\t\t\t\t\t\t\t<div class=\"elementor-element elementor-element-09bec9c elementor-widget elementor-widget-text-editor\" data-id=\"09bec9c\" data-element_type=\"widget\" data-settings=\"{&quot;architecturer_ext_is_mobile_menu&quot;:&quot;false&quot;,&quot;architecturer_ext_is_scrollme&quot;:&quot;false&quot;,&quot;architecturer_ext_is_smoove&quot;:&quot;false&quot;,&quot;architecturer_ext_is_parallax_mouse&quot;:&quot;false&quot;,&quot;architecturer_ext_is_infinite&quot;:&quot;false&quot;,&quot;architecturer_ext_is_fadeout_animation&quot;:&quot;false&quot;}\" data-widget_type=\"text-editor.default\">\n\t\t\t\t<div class=\"elementor-widget-container\">\n\t\t\t\t\t\t\t<p><span style=\"color: #7f7f7f; font-family: Helvetica, sans-serif; font-size: 16px; text-align: justify;\">\u00a0<\/span><\/p><p style=\"margin: 0cm; font-size: 12pt; font-family: Cambria, serif; color: #000000; font-style: normal; font-weight: 400;\"><b><span lang=\"ES-TRAD\" style=\"font-family: Helvetica, sans-serif;\">Alemania<\/span><\/b><span lang=\"ES-TRAD\" style=\"font-family: Helvetica, sans-serif;\"> \/ <\/span><span style=\"font-family: Helvetica, sans-serif; color: gray; padding: 0cm; border: 1pt none windowtext;\">Hochschule<\/span> <span style=\"font-family: Helvetica, sans-serif; color: gray; padding: 0cm; border: 1pt none windowtext;\">Geisenheim \/ Convenio Marco \/ Escuela de Arquitectura<\/span><\/p><p style=\"margin: 0cm; font-size: 12pt; font-family: Cambria, serif; color: #000000; font-style: normal; font-weight: 400;\"><b><span lang=\"ES-TRAD\" style=\"font-family: Helvetica, sans-serif;\">Alemania<\/span><\/b><span lang=\"ES-TRAD\" style=\"font-family: Helvetica, sans-serif;\"> \/ <\/span><span style=\"font-family: Helvetica, sans-serif; color: gray; padding: 0cm; border: 1pt none windowtext;\">Westf\u00e4lische Wilhelms-Universit\u00e4t M\u00fcnster \/ Convenio Espec\u00edfico \/ Intercambio Estudiantes \/ Escuela de M\u00fasica<\/span><\/p><p style=\"margin: 0cm; font-size: 12pt; font-family: Cambria, serif; color: #000000; font-style: normal; font-weight: 400;\"><b style=\"font-size: 12pt;\"><span lang=\"ES-TRAD\" style=\"font-family: Helvetica, sans-serif;\">Argentina<\/span><\/b><span lang=\"ES-TRAD\" style=\"font-size: 12pt; font-style: normal; font-weight: 400; font-family: Helvetica, sans-serif;\"> \/ <\/span><span style=\"font-size: 12pt; font-style: normal; font-weight: 400; font-family: Helvetica, sans-serif; color: gray; padding: 0cm; border: 1pt none windowtext;\">Universidad Nacional de C\u00f3rdoba \/ Convenio Espec\u00edfico \/ Escuela de Arquitectura<\/span><\/p><p style=\"margin: 0cm; font-size: 12pt; font-family: Cambria, serif; color: #000000; font-style: normal; font-weight: 400;\"><b><span lang=\"ES-TRAD\" style=\"font-family: Helvetica, sans-serif;\">Argentina<\/span><\/b><span lang=\"ES-TRAD\" style=\"font-family: Helvetica, sans-serif;\"> \/ <\/span><span style=\"font-family: Helvetica, sans-serif; color: gray; padding: 0cm; border: 1pt none windowtext;\">Pontificia Universidad Cat\u00f3lica Argentina Santa Mar\u00eda de los Buenos Aires \/ Convenio Espec\u00edfico \/ Escuela de M\u00fasica<\/span><\/p><p style=\"margin: 0cm; font-size: 12pt; font-family: Cambria, serif; color: #000000; font-style: normal; font-weight: 400;\"><b><span lang=\"ES-TRAD\" style=\"font-family: Helvetica, sans-serif;\">Brasil<\/span><\/b><span lang=\"ES-TRAD\" style=\"font-family: Helvetica, sans-serif;\"> \/ <\/span><span style=\"font-family: Helvetica, sans-serif; color: gray; padding: 0cm; border: 1pt none windowtext;\">Associa\u00e7\u00e3o Escola da Cidade \/ Convenio Espec\u00edfico Intercambio Estudiantes \/ Escuela de Arquitectura<\/span><\/p><p style=\"margin: 0cm; font-size: 12pt; font-family: Cambria, serif; color: #000000; font-style: normal; font-weight: 400;\"><b style=\"font-size: 12pt;\"><span lang=\"ES-TRAD\" style=\"font-family: Helvetica, sans-serif;\">Colombia<\/span><\/b><span lang=\"ES-TRAD\" style=\"font-size: 12pt; font-style: normal; font-weight: 400; font-family: Helvetica, sans-serif;\"> \/ <\/span><span style=\"font-size: 12pt; font-style: normal; font-weight: 400; font-family: Helvetica, sans-serif; color: gray; padding: 0cm; border: 1pt none windowtext;\">Universidad Aut\u00f3noma de Manizales\u00a0 \/ Convenio Espec\u00edfico \/ Escuela de Dise\u00f1o<\/span><\/p><p style=\"margin: 0cm; font-size: 12pt; font-family: Cambria, serif; color: #000000; font-style: normal; font-weight: 400;\"><b><span lang=\"ES-TRAD\" style=\"font-family: Helvetica, sans-serif;\">Colombia<\/span><\/b><span lang=\"ES-TRAD\" style=\"font-family: Helvetica, sans-serif;\"> \/ <\/span><span style=\"font-family: Helvetica, sans-serif; color: gray; padding: 0cm; border: 1pt none windowtext;\">Universidad de San Buenaventura de Cartagena \/ Convenio Espec\u00edfico\u00a0 Intercambio Estudiantes \/ Escuela de Arquitectura<\/span><\/p><p style=\"margin: 0cm; font-size: 12pt; font-family: Cambria, serif; color: #000000; font-style: normal; font-weight: 400;\"><b><span lang=\"ES-TRAD\" style=\"font-family: Helvetica, sans-serif;\">Espa\u00f1a<\/span><\/b><span lang=\"ES-TRAD\" style=\"font-family: Helvetica, sans-serif;\"> \/ <\/span><span style=\"font-family: Helvetica, sans-serif; color: gray; padding: 0cm; border: 1pt none windowtext;\">Universitat de Girona \/ Pregrado &#8211; Convenio Espec\u00edfico Intercambio Estudiantes\u00a0\u00a0\u00a0\u00a0\u00a0 \/ Escuela de Dise\u00f1o<\/span><\/p><p style=\"margin: 0cm; font-size: 12pt; font-family: Cambria, serif; color: #000000; font-style: normal; font-weight: 400;\"><b style=\"font-size: 12pt;\"><span lang=\"ES-TRAD\" style=\"font-family: Helvetica, sans-serif;\">Espa\u00f1a<\/span><\/b><span lang=\"ES-TRAD\" style=\"font-size: 12pt; font-style: normal; font-weight: 400; font-family: Helvetica, sans-serif;\"> \/ <\/span><span style=\"font-size: 12pt; font-style: normal; font-weight: 400; font-family: Helvetica, sans-serif; color: gray; padding: 0cm; border: 1pt none windowtext;\">Universitat de Girona \/ Postgrado &#8211; Convenio Espec\u00edfico Intercambio Estudiantes \/ Escuela de Dise\u00f1o<\/span><\/p><p style=\"margin: 0cm; font-size: 12pt; font-family: Cambria, serif; color: #000000; font-style: normal; font-weight: 400;\"><b style=\"font-size: 12pt;\"><span lang=\"ES-TRAD\" style=\"font-family: Helvetica, sans-serif;\">Espa\u00f1a <\/span><\/b><span lang=\"ES-TRAD\" style=\"font-size: 12pt; font-style: normal; font-weight: 400; font-family: Helvetica, sans-serif;\">\/ <\/span><span style=\"font-size: 12pt; font-style: normal; font-weight: 400; font-family: Helvetica, sans-serif; color: gray; padding: 0cm; border: 1pt none windowtext;\">Universidad de Las Palmas de Gran Canaria \/ Convenio Espec\u00edfico\u00a0 Intercambio Estudiantes y Profesores \/ Escuela de Arquitectura<\/span><\/p><p style=\"margin: 0cm; font-size: 12pt; font-family: Cambria, serif; color: #000000; font-style: normal; font-weight: 400;\"><b><span lang=\"ES-TRAD\" style=\"font-family: Helvetica, sans-serif;\">Espa\u00f1a<\/span><\/b><span lang=\"ES-TRAD\" style=\"font-family: Helvetica, sans-serif;\"> \/ <\/span><span style=\"font-family: Helvetica, sans-serif; color: gray; padding: 0cm; border: 1pt none windowtext;\">Universidad Polit\u00e9cnica de Madrid \/ Convenio Espec\u00edfico Intercambio Estudiantes y Profesores \/ \u00c1rea de Arquitectura &#8211; Edificaci\u00f3n y Urbanismo ETS de Edificaci\u00f3n &#8211; ETS Arquitectura &#8211; Dise\u00f1o Industrial &#8211; ETSI Dise\u00f1o Industrial<\/span><\/p><p style=\"margin: 0cm; font-size: 12pt; font-family: Cambria, serif; color: #000000; font-style: normal; font-weight: 400;\"><b><span lang=\"ES-TRAD\" style=\"font-family: Helvetica, sans-serif;\">Israel<\/span><\/b><span lang=\"ES-TRAD\" style=\"font-family: Helvetica, sans-serif;\"> \/ <\/span><span style=\"font-family: Helvetica, sans-serif; color: gray; padding: 0cm; border: 1pt none windowtext;\">Bezalel Academy of Arts and Design \/ Convenio Espec\u00edfico Intercambio \/ Estudiantes \u2013 Profesores &#8211; Investigadores \/ Escuela de Dise\u00f1o<\/span><\/p><p style=\"margin: 0cm; font-size: 12pt; font-family: Cambria, serif; color: #000000; font-style: normal; font-weight: 400;\"><b><span lang=\"ES-TRAD\" style=\"font-family: Helvetica, sans-serif;\">Italia<\/span><\/b><span lang=\"ES-TRAD\" style=\"font-family: Helvetica, sans-serif;\"> \/ <\/span><span style=\"font-family: Helvetica, sans-serif; color: gray; padding: 0cm; border: 1pt none windowtext;\">Universit\u00e0 degli Studi di Genova \/ Convenio Espec\u00edfico Intercambio de Estudiantes \/ Escuela de Arquitectura<\/span><\/p><p><span style=\"color: gray; font-family: Helvetica, sans-serif; font-size: 16px; text-align: justify;\">\u00a0<\/span><\/p><p><span style=\"color: gray; font-family: Helvetica, sans-serif; font-size: 16px; text-align: justify;\">\u00a0<\/span><\/p>\t\t\t\t\t\t<\/div>\n\t\t\t\t<\/div>\n\t\t\t\t\t<\/div>\n\t\t<\/div>\n\t\t\t\t<div class=\"elementor-column elementor-col-50 elementor-top-column elementor-element elementor-element-f0c9a0f\" data-id=\"f0c9a0f\" data-element_type=\"column\" data-settings=\"{&quot;architecturer_ext_is_mobile_menu&quot;:&quot;false&quot;,&quot;architecturer_ext_is_scrollme&quot;:&quot;false&quot;,&quot;architecturer_ext_is_smoove&quot;:&quot;false&quot;,&quot;architecturer_ext_is_parallax_mouse&quot;:&quot;false&quot;,&quot;architecturer_ext_is_infinite&quot;:&quot;false&quot;,&quot;architecturer_ext_is_fadeout_animation&quot;:&quot;false&quot;}\">\n\t\t\t<div class=\"elementor-widget-wrap\">\n\t\t\t\t\t\t\t\t\t<\/div>\n\t\t<\/div>\n\t\t\t\t\t\t\t<\/div>\n\t\t<\/section>\n\t\t\t\t<section class=\"elementor-section elementor-top-section elementor-element elementor-element-d3683b4 elementor-section-boxed elementor-section-height-default elementor-section-height-default\" data-id=\"d3683b4\" data-element_type=\"section\" data-settings=\"{&quot;architecturer_ext_is_background_parallax&quot;:&quot;false&quot;,&quot;architecturer_ext_is_background_on_scroll&quot;:&quot;false&quot;}\">\n\t\t\t\t\t\t<div class=\"elementor-container elementor-column-gap-default\">\n\t\t\t\t\t<div class=\"elementor-column elementor-col-100 elementor-top-column elementor-element elementor-element-dd079b1\" data-id=\"dd079b1\" data-element_type=\"column\" data-settings=\"{&quot;architecturer_ext_is_mobile_menu&quot;:&quot;false&quot;,&quot;architecturer_ext_is_scrollme&quot;:&quot;false&quot;,&quot;architecturer_ext_is_smoove&quot;:&quot;false&quot;,&quot;architecturer_ext_is_parallax_mouse&quot;:&quot;false&quot;,&quot;architecturer_ext_is_infinite&quot;:&quot;false&quot;,&quot;architecturer_ext_is_fadeout_animation&quot;:&quot;false&quot;}\">\n\t\t\t<div class=\"elementor-widget-wrap\">\n\t\t\t\t\t\t\t\t\t<\/div>\n\t\t<\/div>\n\t\t\t\t\t\t\t<\/div>\n\t\t<\/section>\n\t\t\t\t<section class=\"elementor-section elementor-top-section elementor-element elementor-element-8f89ad0 elementor-section-boxed elementor-section-height-default elementor-section-height-default\" data-id=\"8f89ad0\" data-element_type=\"section\" data-settings=\"{&quot;architecturer_ext_is_background_parallax&quot;:&quot;false&quot;,&quot;architecturer_ext_is_background_on_scroll&quot;:&quot;false&quot;}\">\n\t\t\t\t\t\t<div class=\"elementor-container elementor-column-gap-default\">\n\t\t\t\t\t<div class=\"elementor-column elementor-col-100 elementor-top-column elementor-element elementor-element-52140a0\" data-id=\"52140a0\" data-element_type=\"column\" data-settings=\"{&quot;architecturer_ext_is_mobile_menu&quot;:&quot;false&quot;,&quot;architecturer_ext_is_scrollme&quot;:&quot;false&quot;,&quot;architecturer_ext_is_smoove&quot;:&quot;false&quot;,&quot;architecturer_ext_is_parallax_mouse&quot;:&quot;false&quot;,&quot;architecturer_ext_is_infinite&quot;:&quot;false&quot;,&quot;architecturer_ext_is_fadeout_animation&quot;:&quot;false&quot;}\">\n\t\t\t<div class=\"elementor-widget-wrap elementor-element-populated\">\n\t\t\t\t\t\t\t\t<div class=\"elementor-element elementor-element-138aa19 elementor-widget elementor-widget-spacer\" data-id=\"138aa19\" data-element_type=\"widget\" data-settings=\"{&quot;architecturer_ext_is_mobile_menu&quot;:&quot;false&quot;,&quot;architecturer_ext_is_scrollme&quot;:&quot;false&quot;,&quot;architecturer_ext_is_smoove&quot;:&quot;false&quot;,&quot;architecturer_ext_is_parallax_mouse&quot;:&quot;false&quot;,&quot;architecturer_ext_is_infinite&quot;:&quot;false&quot;,&quot;architecturer_ext_is_fadeout_animation&quot;:&quot;false&quot;}\" data-widget_type=\"spacer.default\">\n\t\t\t\t<div class=\"elementor-widget-container\">\n\t\t\t\t\t<div class=\"elementor-spacer\">\n\t\t\t<div class=\"elementor-spacer-inner\"><\/div>\n\t\t<\/div>\n\t\t\t\t<\/div>\n\t\t\t\t<\/div>\n\t\t\t\t\t<\/div>\n\t\t<\/div>\n\t\t\t\t\t\t\t<\/div>\n\t\t<\/section>\n\t\t\t\t\t\t<\/div>\n\t\t\t\t\t<\/div>\n\t\t","protected":false},"excerpt":{"rendered":"<p>Convenios FAMD \u00a0 Alemania \/ Hochschule Geisenheim \/ Convenio Marco \/ Escuela de Arquitectura Alemania \/ Westf\u00e4lische Wilhelms-Universit\u00e4t M\u00fcnster \/ Convenio Espec\u00edfico \/ Intercambio Estudiantes \/ Escuela de M\u00fasica Argentina \/ Universidad Nacional de C\u00f3rdoba \/ Convenio Espec\u00edfico \/ Escuela [&hellip;]<\/p>\n","protected":false},"author":1,"featured_media":0,"parent":0,"menu_order":0,"comment_status":"closed","ping_status":"closed","template":"elementor_header_footer","meta":[],"_links":{"self":[{"href":"https:\/\/famd.utalca.cl\/index.php?rest_route=\/wp\/v2\/pages\/4190"}],"collection":[{"href":"https:\/\/famd.utalca.cl\/index.php?rest_route=\/wp\/v2\/pages"}],"about":[{"href":"https:\/\/famd.utalca.cl\/index.php?rest_route=\/wp\/v2\/types\/page"}],"author":[{"embeddable":true,"href":"https:\/\/famd.utalca.cl\/index.php?rest_route=\/wp\/v2\/users\/1"}],"replies":[{"embeddable":true,"href":"https:\/\/famd.utalca.cl\/index.php?rest_route=%2Fwp%2Fv2%2Fcomments&post=4190"}],"version-history":[{"count":4,"href":"https:\/\/famd.utalca.cl\/index.php?rest_route=\/wp\/v2\/pages\/4190\/revisions"}],"predecessor-version":[{"id":4198,"href":"https:\/\/famd.utalca.cl\/index.php?rest_route=\/wp\/v2\/pages\/4190\/revisions\/4198"}],"wp:attachment":[{"href":"https:\/\/famd.utalca.cl\/index.php?rest_route=%2Fwp%2Fv2%2Fmedia&parent=4190"}],"curies":[{"name":"wp","href":"https:\/\/api.w.org\/{rel}","templated":true}]}}