{"id":4248,"date":"2022-06-07T10:45:42","date_gmt":"2022-06-07T13:45:42","guid":{"rendered":"https:\/\/famd.utalca.cl\/?page_id=4248"},"modified":"2022-06-14T22:02:17","modified_gmt":"2022-06-15T01:02:17","slug":"creacion","status":"publish","type":"page","link":"https:\/\/famd.utalca.cl\/?page_id=4248","title":{"rendered":"Creaci\u00f3n"},"content":{"rendered":"\t\t<div data-elementor-type=\"wp-post\" data-elementor-id=\"4248\" class=\"elementor elementor-4248\" data-elementor-settings=\"[]\">\n\t\t\t\t\t\t\t<div class=\"elementor-section-wrap\">\n\t\t\t\t\t\t\t<section class=\"elementor-section elementor-top-section elementor-element elementor-element-c2cb298 elementor-section-boxed elementor-section-height-default elementor-section-height-default\" data-id=\"c2cb298\" data-element_type=\"section\" data-settings=\"{&quot;architecturer_ext_is_background_parallax&quot;:&quot;false&quot;,&quot;architecturer_ext_is_background_on_scroll&quot;:&quot;false&quot;}\">\n\t\t\t\t\t\t<div class=\"elementor-container elementor-column-gap-no\">\n\t\t\t\t\t<div class=\"elementor-column elementor-col-50 elementor-top-column elementor-element elementor-element-7a5616b\" data-id=\"7a5616b\" data-element_type=\"column\" data-settings=\"{&quot;architecturer_ext_is_mobile_menu&quot;:&quot;false&quot;,&quot;architecturer_ext_is_scrollme&quot;:&quot;false&quot;,&quot;architecturer_ext_is_smoove&quot;:&quot;false&quot;,&quot;architecturer_ext_is_parallax_mouse&quot;:&quot;false&quot;,&quot;architecturer_ext_is_infinite&quot;:&quot;false&quot;,&quot;architecturer_ext_is_fadeout_animation&quot;:&quot;false&quot;}\">\n\t\t\t<div class=\"elementor-widget-wrap elementor-element-populated\">\n\t\t\t\t\t\t\t\t<div class=\"elementor-element elementor-element-1c713d3 animated-fast elementor-invisible elementor-widget elementor-widget-text-editor\" data-id=\"1c713d3\" data-element_type=\"widget\" data-settings=\"{&quot;_animation&quot;:&quot;fadeInUp&quot;,&quot;architecturer_ext_is_mobile_menu&quot;:&quot;false&quot;,&quot;architecturer_ext_is_scrollme&quot;:&quot;false&quot;,&quot;architecturer_ext_is_smoove&quot;:&quot;false&quot;,&quot;architecturer_ext_is_parallax_mouse&quot;:&quot;false&quot;,&quot;architecturer_ext_is_infinite&quot;:&quot;false&quot;,&quot;architecturer_ext_is_fadeout_animation&quot;:&quot;false&quot;}\" data-widget_type=\"text-editor.default\">\n\t\t\t\t<div class=\"elementor-widget-container\">\n\t\t\t\t\t\t\t\t\t\t\t\t\t<\/div>\n\t\t\t\t<\/div>\n\t\t\t\t<div class=\"elementor-element elementor-element-2d526ae animated-fast elementor-invisible elementor-widget elementor-widget-heading\" data-id=\"2d526ae\" data-element_type=\"widget\" data-settings=\"{&quot;_animation&quot;:&quot;fadeInUp&quot;,&quot;_animation_delay&quot;:200,&quot;architecturer_ext_is_mobile_menu&quot;:&quot;false&quot;,&quot;architecturer_ext_is_scrollme&quot;:&quot;false&quot;,&quot;architecturer_ext_is_smoove&quot;:&quot;false&quot;,&quot;architecturer_ext_is_parallax_mouse&quot;:&quot;false&quot;,&quot;architecturer_ext_is_infinite&quot;:&quot;false&quot;,&quot;architecturer_ext_is_fadeout_animation&quot;:&quot;false&quot;}\" data-widget_type=\"heading.default\">\n\t\t\t\t<div class=\"elementor-widget-container\">\n\t\t\t<h1 class=\"elementor-heading-title elementor-size-default\">Creaci\u00f3n<br><b><span style=\"font-family: Helvetica, sans-serif; font-size: 12pt; white-space: normal; letter-spacing: 0px;\">Proyectos de creaci\u00f3n art\u00edstica ejecutados<\/span><\/b><\/h1>\t\t<\/div>\n\t\t\t\t<\/div>\n\t\t\t\t<div class=\"elementor-element elementor-element-3a5d4a6 animated-fast elementor-invisible elementor-widget elementor-widget-text-editor\" data-id=\"3a5d4a6\" data-element_type=\"widget\" data-settings=\"{&quot;_animation&quot;:&quot;fadeInUp&quot;,&quot;_animation_delay&quot;:400,&quot;architecturer_ext_is_mobile_menu&quot;:&quot;false&quot;,&quot;architecturer_ext_is_scrollme&quot;:&quot;false&quot;,&quot;architecturer_ext_is_smoove&quot;:&quot;false&quot;,&quot;architecturer_ext_is_parallax_mouse&quot;:&quot;false&quot;,&quot;architecturer_ext_is_infinite&quot;:&quot;false&quot;,&quot;architecturer_ext_is_fadeout_animation&quot;:&quot;false&quot;}\" data-widget_type=\"text-editor.default\">\n\t\t\t\t<div class=\"elementor-widget-container\">\n\t\t\t\t\t\t\t<p style=\"margin: 0cm; line-height: 22px; font-size: 11pt; font-family: Calibri, sans-serif; color: #000000; font-style: normal; font-weight: 400;\"><b><span style=\"font-size: 12pt; line-height: 24px; font-family: Helvetica, sans-serif;\">Arquitectura<\/span><\/b><\/p><p style=\"margin: 0cm 0cm 10pt; line-height: normal; font-size: 11pt; font-family: Calibri, sans-serif; color: #000000; font-style: normal; font-weight: 400;\"><span style=\"font-size: 12pt; font-family: Helvetica, sans-serif; color: #7f7f7f;\">2021<\/span><\/p><p style=\"margin: 0cm 0cm 10pt; line-height: normal; font-size: 11pt; font-family: Calibri, sans-serif; color: #000000; font-style: normal; font-weight: 400;\"><span style=\"font-size: 12pt; font-family: Helvetica, sans-serif; color: #7f7f7f;\">DEULOFEU, Glenn. \u201cExperiencias del Espacio Moderno en el Valle Central de Chile\u201d.<\/span><\/p><p style=\"margin: 0cm 0cm 10pt; line-height: normal; font-size: 11pt; font-family: Calibri, sans-serif; color: #000000; font-style: normal; font-weight: 400;\"><span style=\"font-size: 12pt; font-family: Helvetica, sans-serif; color: #7f7f7f;\">ZU\u00d1IGA, Blanca. \u201cEspacio p\u00fablico rural\u201d.\u00a0 <\/span><a style=\"font-style: normal; font-weight: 400; font-family: Helvetica, sans-serif; font-size: 12pt; color: blue; text-decoration-line: underline;\" href=\"https:\/\/www.sacabana.cl\/products\/espacio-publico-rural-digital\"><span style=\"color: #7f7f7f;\">https:\/\/www.sacabana.cl\/products\/espacio-publico-rural-digital<\/span><\/a><\/p><p style=\"margin: 0cm 0cm 10pt; line-height: normal; font-size: 11pt; font-family: Calibri, sans-serif; color: #000000; font-style: normal; font-weight: 400;\"><span style=\"font-size: 12pt; font-family: Helvetica, sans-serif; color: #7f7f7f;\">2022<\/span><\/p><p style=\"margin: 0cm 0cm 10pt; line-height: normal; font-size: 11pt; font-family: Calibri, sans-serif; color: #000000; font-style: normal; font-weight: 400;\"><span style=\"font-size: 12pt; font-family: Helvetica, sans-serif; color: #7f7f7f;\">LETELIER, V\u00edctor. \u201cSilogr\u00e1fica\u201d.<\/span><\/p><p style=\"margin: 0cm 0cm 10pt; line-height: normal; font-size: 11pt; font-family: Calibri, sans-serif; color: #000000; font-style: normal; font-weight: 400;\"><span style=\"font-size: 12pt; font-family: Helvetica, sans-serif; color: #7f7f7f;\">URIBE, Jos\u00e9 Luis. \u201cFeos, sucios y malos. Una arquitectura contempor\u00e1nea en Latinoam\u00e9rica\u201d.<\/span><\/p><p style=\"margin: 0cm 0cm 10pt; line-height: normal; font-size: 11pt; font-family: Calibri, sans-serif; color: #000000; font-style: normal; font-weight: 400;\"><span style=\"font-size: 12pt; font-family: Helvetica, sans-serif; color: #7f7f7f;\">VALENZUELA, Germ\u00e1n. \u201cMaulenauta\u201d. <\/span><span style=\"font-size: 12pt; font-family: Helvetica, sans-serif; color: #7f7f7f;\"><a style=\"color: blue; text-decoration-line: underline;\" href=\"http:\/\/www.maulenauta.cl\"><span style=\"color: #7f7f7f;\">www.maulenauta.cl<\/span><\/a><\/span><\/p><p style=\"margin: 0cm; line-height: 22px; font-size: 11pt; font-family: Calibri, sans-serif; color: #000000; font-style: normal; font-weight: 400;\"><b><span style=\"font-size: 12pt; line-height: 24px; font-family: Helvetica, sans-serif;\">M\u00fasica<\/span><\/b><\/p><p style=\"margin: 0cm; line-height: 22px; font-size: 11pt; font-family: Calibri, sans-serif; color: #000000; font-style: normal; font-weight: 400;\"><span style=\"font-size: 12pt; line-height: 24px; font-family: Helvetica, sans-serif; color: #7f7f7f;\">2020<\/span><\/p><p style=\"margin: 0cm; line-height: 22px; font-size: 11pt; font-family: Calibri, sans-serif; color: #000000; font-style: normal; font-weight: 400;\"><span style=\"font-size: 12pt; line-height: 24px; font-family: Helvetica, sans-serif; color: #7f7f7f;\">MARTINEZ, Gonzalo. \u201cLa Flauta M\u00e1gica, de W. A. Mozart\u201d https:\/\/www.youtube.com\/watch?v=vmBVZ1N3TqE&amp;ab_channel=CAMPUSTV<\/span><\/p><p style=\"margin: 0cm; line-height: 22px; font-size: 11pt; font-family: Calibri, sans-serif; color: #000000; font-style: normal; font-weight: 400;\"><b style=\"font-size: 11pt;\"><span style=\"font-size: 12pt; line-height: 24px; font-family: Helvetica, sans-serif;\">Dise\u00f1o<\/span><\/b><\/p><p style=\"margin: 0cm; line-height: 22px; font-size: 11pt; font-family: Calibri, sans-serif; color: #000000; font-style: normal; font-weight: 400;\"><span style=\"font-size: 12pt; line-height: 24px; font-family: Helvetica, sans-serif; color: #7f7f7f;\">2020<\/span><\/p><p style=\"margin: 0cm; line-height: 22px; font-size: 11pt; font-family: Calibri, sans-serif; color: #000000; font-style: normal; font-weight: 400;\"><span style=\"font-size: 12pt; line-height: 24px; font-family: Helvetica, sans-serif; color: #7f7f7f;\">MU\u00d1OZ, Gonzalo; OLEA, Alejandro. \u201cEl Falucho Maulino como patrimonio, imaginario y objeto museogr\u00e1fico\u201d. Revalorizaci\u00f3n de la cultura tecnol\u00f3gica de la Regi\u00f3n del Maule.<\/span><\/p><p style=\"margin: 0cm; line-height: 22px; font-size: 11pt; font-family: Calibri, sans-serif; color: #000000; font-style: normal; font-weight: 400;\"><b><span style=\"font-size: 12pt; line-height: 24px; font-family: Helvetica, sans-serif;\">\u00a0<\/span><\/b><\/p><p style=\"margin: 0cm 0cm 10pt; line-height: 22px; font-size: 11pt; font-family: Calibri, sans-serif; color: #000000; font-style: normal; font-weight: 400;\">\u00a0<\/p>\t\t\t\t\t\t<\/div>\n\t\t\t\t<\/div>\n\t\t\t\t\t<\/div>\n\t\t<\/div>\n\t\t\t\t<div class=\"elementor-column elementor-col-50 elementor-top-column elementor-element elementor-element-8760891\" data-id=\"8760891\" data-element_type=\"column\" data-settings=\"{&quot;architecturer_ext_is_mobile_menu&quot;:&quot;false&quot;,&quot;architecturer_ext_is_scrollme&quot;:&quot;false&quot;,&quot;architecturer_ext_is_smoove&quot;:&quot;false&quot;,&quot;architecturer_ext_is_parallax_mouse&quot;:&quot;false&quot;,&quot;architecturer_ext_is_infinite&quot;:&quot;false&quot;,&quot;architecturer_ext_is_fadeout_animation&quot;:&quot;false&quot;}\">\n\t\t\t<div class=\"elementor-widget-wrap\">\n\t\t\t\t\t\t\t\t\t<\/div>\n\t\t<\/div>\n\t\t\t\t\t\t\t<\/div>\n\t\t<\/section>\n\t\t\t\t\t\t<\/div>\n\t\t\t\t\t<\/div>\n\t\t","protected":false},"excerpt":{"rendered":"<p>Creaci\u00f3nProyectos de creaci\u00f3n art\u00edstica ejecutados Arquitectura 2021 DEULOFEU, Glenn. \u201cExperiencias del Espacio Moderno en el Valle Central de Chile\u201d. ZU\u00d1IGA, Blanca. \u201cEspacio p\u00fablico rural\u201d.\u00a0 https:\/\/www.sacabana.cl\/products\/espacio-publico-rural-digital 2022 LETELIER, V\u00edctor. \u201cSilogr\u00e1fica\u201d. URIBE, Jos\u00e9 Luis. \u201cFeos, sucios y malos. Una arquitectura contempor\u00e1nea en [&hellip;]<\/p>\n","protected":false},"author":1,"featured_media":0,"parent":0,"menu_order":0,"comment_status":"closed","ping_status":"closed","template":"","meta":[],"_links":{"self":[{"href":"https:\/\/famd.utalca.cl\/index.php?rest_route=\/wp\/v2\/pages\/4248"}],"collection":[{"href":"https:\/\/famd.utalca.cl\/index.php?rest_route=\/wp\/v2\/pages"}],"about":[{"href":"https:\/\/famd.utalca.cl\/index.php?rest_route=\/wp\/v2\/types\/page"}],"author":[{"embeddable":true,"href":"https:\/\/famd.utalca.cl\/index.php?rest_route=\/wp\/v2\/users\/1"}],"replies":[{"embeddable":true,"href":"https:\/\/famd.utalca.cl\/index.php?rest_route=%2Fwp%2Fv2%2Fcomments&post=4248"}],"version-history":[{"count":22,"href":"https:\/\/famd.utalca.cl\/index.php?rest_route=\/wp\/v2\/pages\/4248\/revisions"}],"predecessor-version":[{"id":4409,"href":"https:\/\/famd.utalca.cl\/index.php?rest_route=\/wp\/v2\/pages\/4248\/revisions\/4409"}],"wp:attachment":[{"href":"https:\/\/famd.utalca.cl\/index.php?rest_route=%2Fwp%2Fv2%2Fmedia&parent=4248"}],"curies":[{"name":"wp","href":"https:\/\/api.w.org\/{rel}","templated":true}]}}