{"id":4424,"date":"2022-06-14T22:18:06","date_gmt":"2022-06-15T01:18:06","guid":{"rendered":"https:\/\/famd.utalca.cl\/?page_id=4424"},"modified":"2022-06-14T22:20:56","modified_gmt":"2022-06-15T01:20:56","slug":"patentes","status":"publish","type":"page","link":"https:\/\/famd.utalca.cl\/?page_id=4424","title":{"rendered":"Patentes"},"content":{"rendered":"\t\t<div data-elementor-type=\"wp-post\" data-elementor-id=\"4424\" class=\"elementor elementor-4424\" data-elementor-settings=\"[]\">\n\t\t\t\t\t\t\t<div class=\"elementor-section-wrap\">\n\t\t\t\t\t\t\t<section class=\"elementor-section elementor-top-section elementor-element elementor-element-c2cb298 elementor-section-boxed elementor-section-height-default elementor-section-height-default\" data-id=\"c2cb298\" data-element_type=\"section\" data-settings=\"{&quot;architecturer_ext_is_background_parallax&quot;:&quot;false&quot;,&quot;architecturer_ext_is_background_on_scroll&quot;:&quot;false&quot;}\">\n\t\t\t\t\t\t<div class=\"elementor-container elementor-column-gap-no\">\n\t\t\t\t\t<div class=\"elementor-column elementor-col-50 elementor-top-column elementor-element elementor-element-7a5616b\" data-id=\"7a5616b\" data-element_type=\"column\" data-settings=\"{&quot;architecturer_ext_is_mobile_menu&quot;:&quot;false&quot;,&quot;architecturer_ext_is_scrollme&quot;:&quot;false&quot;,&quot;architecturer_ext_is_smoove&quot;:&quot;false&quot;,&quot;architecturer_ext_is_parallax_mouse&quot;:&quot;false&quot;,&quot;architecturer_ext_is_infinite&quot;:&quot;false&quot;,&quot;architecturer_ext_is_fadeout_animation&quot;:&quot;false&quot;}\">\n\t\t\t<div class=\"elementor-widget-wrap elementor-element-populated\">\n\t\t\t\t\t\t\t\t<div class=\"elementor-element elementor-element-1c713d3 animated-fast elementor-invisible elementor-widget elementor-widget-text-editor\" data-id=\"1c713d3\" data-element_type=\"widget\" data-settings=\"{&quot;_animation&quot;:&quot;fadeInUp&quot;,&quot;architecturer_ext_is_mobile_menu&quot;:&quot;false&quot;,&quot;architecturer_ext_is_scrollme&quot;:&quot;false&quot;,&quot;architecturer_ext_is_smoove&quot;:&quot;false&quot;,&quot;architecturer_ext_is_parallax_mouse&quot;:&quot;false&quot;,&quot;architecturer_ext_is_infinite&quot;:&quot;false&quot;,&quot;architecturer_ext_is_fadeout_animation&quot;:&quot;false&quot;}\" data-widget_type=\"text-editor.default\">\n\t\t\t\t<div class=\"elementor-widget-container\">\n\t\t\t\t\t\t\t\t\t\t\t\t\t<\/div>\n\t\t\t\t<\/div>\n\t\t\t\t<div class=\"elementor-element elementor-element-2d526ae animated-fast elementor-invisible elementor-widget elementor-widget-heading\" data-id=\"2d526ae\" data-element_type=\"widget\" data-settings=\"{&quot;_animation&quot;:&quot;fadeInUp&quot;,&quot;_animation_delay&quot;:200,&quot;architecturer_ext_is_mobile_menu&quot;:&quot;false&quot;,&quot;architecturer_ext_is_scrollme&quot;:&quot;false&quot;,&quot;architecturer_ext_is_smoove&quot;:&quot;false&quot;,&quot;architecturer_ext_is_parallax_mouse&quot;:&quot;false&quot;,&quot;architecturer_ext_is_infinite&quot;:&quot;false&quot;,&quot;architecturer_ext_is_fadeout_animation&quot;:&quot;false&quot;}\" data-widget_type=\"heading.default\">\n\t\t\t\t<div class=\"elementor-widget-container\">\n\t\t\t<h1 class=\"elementor-heading-title elementor-size-default\"><span style=\"letter-spacing: 0px;\">Propiedad Intelectual (Patentes)<\/span><\/h1>\t\t<\/div>\n\t\t\t\t<\/div>\n\t\t\t\t<div class=\"elementor-element elementor-element-3a5d4a6 animated-fast elementor-invisible elementor-widget elementor-widget-text-editor\" data-id=\"3a5d4a6\" data-element_type=\"widget\" data-settings=\"{&quot;_animation&quot;:&quot;fadeInUp&quot;,&quot;_animation_delay&quot;:400,&quot;architecturer_ext_is_mobile_menu&quot;:&quot;false&quot;,&quot;architecturer_ext_is_scrollme&quot;:&quot;false&quot;,&quot;architecturer_ext_is_smoove&quot;:&quot;false&quot;,&quot;architecturer_ext_is_parallax_mouse&quot;:&quot;false&quot;,&quot;architecturer_ext_is_infinite&quot;:&quot;false&quot;,&quot;architecturer_ext_is_fadeout_animation&quot;:&quot;false&quot;}\" data-widget_type=\"text-editor.default\">\n\t\t\t\t<div class=\"elementor-widget-container\">\n\t\t\t\t\t\t\t<p style=\"margin: 0cm 0cm 10pt; line-height: 22px; font-size: 11pt; font-family: Calibri, sans-serif; color: #000000; font-style: normal; font-weight: 400;\"><b><span style=\"font-size: 12pt; line-height: 24px; font-family: Helvetica, sans-serif;\">Dise\u00f1o<\/span><\/b><\/p><p style=\"margin: 0cm 0cm 10pt; line-height: 22px; font-size: 11pt; font-family: Calibri, sans-serif; color: #000000; font-style: normal; font-weight: 400;\"><span style=\"font-size: 12pt; line-height: 24px; font-family: Helvetica, sans-serif; color: gray;\">2017<\/span><\/p><p style=\"margin: 0cm 0cm 10pt; line-height: 22px; font-size: 11pt; font-family: Calibri, sans-serif; color: #000000; font-style: normal; font-weight: 400;\"><span style=\"font-size: 12pt; line-height: 24px; font-family: Helvetica, sans-serif; color: gray;\">Dise\u00f1o Industrial: VASIJA, QUE COMPRENDE CUATRO PORCIONES VISUALMENTE DISTINGUIBLES, UNA BOCA, UN LABIO, UN CUELLO Y UN CUERPO PRINCIPAL; N\u00famero de Propiedad Intelectual, Solicitud: 2017-1726\u00a0\u00a0 Registro: 9.151, Titulares, Universidad de Talca, Inventores, Moreno Simunovic, Yerko Marcelo; Berrocal Ram\u00edrez, Macarena; Mu\u00f1oz Inostroza, Gonzalo, Eliseo; Moisan Ubilla, Rodrigo Alberto.<\/span><\/p><p style=\"margin: 0cm 0cm 10pt; line-height: 22px; font-size: 11pt; font-family: Calibri, sans-serif; color: #000000; font-style: normal; font-weight: 400;\"><span style=\"font-size: 12pt; line-height: 24px; font-family: Helvetica, sans-serif; color: gray;\">Dise\u00f1o Industrial: VASIJA CON CUELLO INCLINADO QUE EN SU CONJUNTO COMPRENDE CUATRO PORCIONES VISUALMENTE DISTINGUIBLES, UNA BOCA, UN LABIO, UN CUELLO Y UN CUERPO; LA VASIJA ESTA CONFORMADA, N\u00famero de Propiedad Intelectual, Solicitud: 2017-1728\u00a0\u00a0 Registro: 9.152, Titulares, Universidad de Talca Inventores, Gloria Isabel Sepulveda Leon; Luz Mar\u00eda Gonz\u00e1lez Donoso; Mu\u00f1oz Inostroza, Gonzalo Eliseo; Moreno, Simunovic, Yerco Marcelo.<\/span><\/p><p style=\"margin: 0cm 0cm 10pt; line-height: 22px; font-size: 11pt; font-family: Calibri, sans-serif; color: #000000; font-style: normal; font-weight: 400;\"><span style=\"color: gray; font-family: Helvetica, sans-serif; font-size: 12pt;\">2020<\/span><\/p><p style=\"margin: 0cm 0cm 10pt; line-height: 22px; font-size: 11pt; font-family: Calibri, sans-serif; color: #000000; font-style: normal; font-weight: 400;\"><span style=\"font-size: 12pt; line-height: 24px; font-family: Helvetica, sans-serif; color: gray;\">Patente Invenci\u00f3n: BANDA SENSORIAL PARA LA ORIENTACI\u00d3N DE UNA PERSONA CON DISCAPACIDAD VISUAL. N\u00famero de Propiedad Intelectual,\u00a0 Solicitud: 2020-01870\u00a0\u00a0\u00a0\u00a0\u00a0\u00a0\u00a0 Registro: 63.469 Titulares, Universidad de Talca, Silvana Herrera., Inventores Silvana Herrera, Jorge Cartes<\/span><\/p><p style=\"margin: 0cm; line-height: 22px; font-size: 11pt; font-family: Calibri, sans-serif; color: #000000; font-style: normal; font-weight: 400;\"><b><span style=\"font-size: 12pt; line-height: 24px; font-family: Helvetica, sans-serif;\">\u00a0<\/span><\/b><\/p><p style=\"margin: 0cm 0cm 10pt; line-height: 22px; font-size: 11pt; font-family: Calibri, sans-serif; color: #000000; font-style: normal; font-weight: 400;\">\u00a0<\/p>\t\t\t\t\t\t<\/div>\n\t\t\t\t<\/div>\n\t\t\t\t\t<\/div>\n\t\t<\/div>\n\t\t\t\t<div class=\"elementor-column elementor-col-50 elementor-top-column elementor-element elementor-element-8760891\" data-id=\"8760891\" data-element_type=\"column\" data-settings=\"{&quot;architecturer_ext_is_mobile_menu&quot;:&quot;false&quot;,&quot;architecturer_ext_is_scrollme&quot;:&quot;false&quot;,&quot;architecturer_ext_is_smoove&quot;:&quot;false&quot;,&quot;architecturer_ext_is_parallax_mouse&quot;:&quot;false&quot;,&quot;architecturer_ext_is_infinite&quot;:&quot;false&quot;,&quot;architecturer_ext_is_fadeout_animation&quot;:&quot;false&quot;}\">\n\t\t\t<div class=\"elementor-widget-wrap\">\n\t\t\t\t\t\t\t\t\t<\/div>\n\t\t<\/div>\n\t\t\t\t\t\t\t<\/div>\n\t\t<\/section>\n\t\t\t\t\t\t<\/div>\n\t\t\t\t\t<\/div>\n\t\t","protected":false},"excerpt":{"rendered":"<p>Propiedad Intelectual (Patentes) Dise\u00f1o 2017 Dise\u00f1o Industrial: VASIJA, QUE COMPRENDE CUATRO PORCIONES VISUALMENTE DISTINGUIBLES, UNA BOCA, UN LABIO, UN CUELLO Y UN CUERPO PRINCIPAL; N\u00famero de Propiedad Intelectual, Solicitud: 2017-1726\u00a0\u00a0 Registro: 9.151, Titulares, Universidad de Talca, Inventores, Moreno Simunovic, Yerko [&hellip;]<\/p>\n","protected":false},"author":1,"featured_media":0,"parent":0,"menu_order":0,"comment_status":"closed","ping_status":"closed","template":"","meta":[],"_links":{"self":[{"href":"https:\/\/famd.utalca.cl\/index.php?rest_route=\/wp\/v2\/pages\/4424"}],"collection":[{"href":"https:\/\/famd.utalca.cl\/index.php?rest_route=\/wp\/v2\/pages"}],"about":[{"href":"https:\/\/famd.utalca.cl\/index.php?rest_route=\/wp\/v2\/types\/page"}],"author":[{"embeddable":true,"href":"https:\/\/famd.utalca.cl\/index.php?rest_route=\/wp\/v2\/users\/1"}],"replies":[{"embeddable":true,"href":"https:\/\/famd.utalca.cl\/index.php?rest_route=%2Fwp%2Fv2%2Fcomments&post=4424"}],"version-history":[{"count":10,"href":"https:\/\/famd.utalca.cl\/index.php?rest_route=\/wp\/v2\/pages\/4424\/revisions"}],"predecessor-version":[{"id":4434,"href":"https:\/\/famd.utalca.cl\/index.php?rest_route=\/wp\/v2\/pages\/4424\/revisions\/4434"}],"wp:attachment":[{"href":"https:\/\/famd.utalca.cl\/index.php?rest_route=%2Fwp%2Fv2%2Fmedia&parent=4424"}],"curies":[{"name":"wp","href":"https:\/\/api.w.org\/{rel}","templated":true}]}}