{"id":4457,"date":"2022-06-14T22:44:13","date_gmt":"2022-06-15T01:44:13","guid":{"rendered":"https:\/\/famd.utalca.cl\/?page_id=4457"},"modified":"2022-06-14T22:48:49","modified_gmt":"2022-06-15T01:48:49","slug":"fondos-externos","status":"publish","type":"page","link":"https:\/\/famd.utalca.cl\/?page_id=4457","title":{"rendered":"Fondos Externos"},"content":{"rendered":"\t\t<div data-elementor-type=\"wp-post\" data-elementor-id=\"4457\" class=\"elementor elementor-4457\" data-elementor-settings=\"[]\">\n\t\t\t\t\t\t\t<div class=\"elementor-section-wrap\">\n\t\t\t\t\t\t\t<section class=\"elementor-section elementor-top-section elementor-element elementor-element-c2cb298 elementor-section-boxed elementor-section-height-default elementor-section-height-default\" data-id=\"c2cb298\" data-element_type=\"section\" data-settings=\"{&quot;architecturer_ext_is_background_parallax&quot;:&quot;false&quot;,&quot;architecturer_ext_is_background_on_scroll&quot;:&quot;false&quot;}\">\n\t\t\t\t\t\t<div class=\"elementor-container elementor-column-gap-no\">\n\t\t\t\t\t<div class=\"elementor-column elementor-col-50 elementor-top-column elementor-element elementor-element-7a5616b\" data-id=\"7a5616b\" data-element_type=\"column\" data-settings=\"{&quot;architecturer_ext_is_mobile_menu&quot;:&quot;false&quot;,&quot;architecturer_ext_is_scrollme&quot;:&quot;false&quot;,&quot;architecturer_ext_is_smoove&quot;:&quot;false&quot;,&quot;architecturer_ext_is_parallax_mouse&quot;:&quot;false&quot;,&quot;architecturer_ext_is_infinite&quot;:&quot;false&quot;,&quot;architecturer_ext_is_fadeout_animation&quot;:&quot;false&quot;}\">\n\t\t\t<div class=\"elementor-widget-wrap elementor-element-populated\">\n\t\t\t\t\t\t\t\t<div class=\"elementor-element elementor-element-1c713d3 animated-fast elementor-invisible elementor-widget elementor-widget-text-editor\" data-id=\"1c713d3\" data-element_type=\"widget\" data-settings=\"{&quot;_animation&quot;:&quot;fadeInUp&quot;,&quot;architecturer_ext_is_mobile_menu&quot;:&quot;false&quot;,&quot;architecturer_ext_is_scrollme&quot;:&quot;false&quot;,&quot;architecturer_ext_is_smoove&quot;:&quot;false&quot;,&quot;architecturer_ext_is_parallax_mouse&quot;:&quot;false&quot;,&quot;architecturer_ext_is_infinite&quot;:&quot;false&quot;,&quot;architecturer_ext_is_fadeout_animation&quot;:&quot;false&quot;}\" data-widget_type=\"text-editor.default\">\n\t\t\t\t<div class=\"elementor-widget-container\">\n\t\t\t\t\t\t\t\t\t\t\t\t\t<\/div>\n\t\t\t\t<\/div>\n\t\t\t\t<div class=\"elementor-element elementor-element-2d526ae animated-fast elementor-invisible elementor-widget elementor-widget-heading\" data-id=\"2d526ae\" data-element_type=\"widget\" data-settings=\"{&quot;_animation&quot;:&quot;fadeInUp&quot;,&quot;_animation_delay&quot;:200,&quot;architecturer_ext_is_mobile_menu&quot;:&quot;false&quot;,&quot;architecturer_ext_is_scrollme&quot;:&quot;false&quot;,&quot;architecturer_ext_is_smoove&quot;:&quot;false&quot;,&quot;architecturer_ext_is_parallax_mouse&quot;:&quot;false&quot;,&quot;architecturer_ext_is_infinite&quot;:&quot;false&quot;,&quot;architecturer_ext_is_fadeout_animation&quot;:&quot;false&quot;}\" data-widget_type=\"heading.default\">\n\t\t\t\t<div class=\"elementor-widget-container\">\n\t\t\t<h1 class=\"elementor-heading-title elementor-size-small\"><span style=\"letter-spacing: 0px;\">Fondos Externos<\/span><font color=\"#808080\" face=\"Helvetica, sans-serif\"><span style=\"font-weight: 700;\">&nbsp; <\/span><\/font><br><b style=\"color: rgb(128, 128, 128); font-family: Helvetica, sans-serif; font-size: 16px; font-style: inherit; letter-spacing: 0px; white-space: normal;\">Ministerio de la Cultura, las Artes y el Patrimonio<\/b><font color=\"#808080\" face=\"Helvetica, sans-serif\"><span style=\"font-weight: 700;\"><br><\/span><\/font><\/h1>\t\t<\/div>\n\t\t\t\t<\/div>\n\t\t\t\t<div class=\"elementor-element elementor-element-3a5d4a6 animated-fast elementor-invisible elementor-widget elementor-widget-text-editor\" data-id=\"3a5d4a6\" data-element_type=\"widget\" data-settings=\"{&quot;_animation&quot;:&quot;fadeInUp&quot;,&quot;_animation_delay&quot;:400,&quot;architecturer_ext_is_mobile_menu&quot;:&quot;false&quot;,&quot;architecturer_ext_is_scrollme&quot;:&quot;false&quot;,&quot;architecturer_ext_is_smoove&quot;:&quot;false&quot;,&quot;architecturer_ext_is_parallax_mouse&quot;:&quot;false&quot;,&quot;architecturer_ext_is_infinite&quot;:&quot;false&quot;,&quot;architecturer_ext_is_fadeout_animation&quot;:&quot;false&quot;}\" data-widget_type=\"text-editor.default\">\n\t\t\t\t<div class=\"elementor-widget-container\">\n\t\t\t\t\t\t\t<p style=\"margin: 0cm; line-height: 16.8667px; font-size: 11pt; font-family: Calibri, sans-serif; color: #000000; font-style: normal; font-weight: 400;\"><b><span style=\"font-size: 12pt; line-height: 18.4px; font-family: Helvetica, sans-serif;\">Arquitectura<\/span><\/b><\/p><p style=\"margin: 0cm 0cm 10pt; line-height: 22px; font-size: 11pt; font-family: Calibri, sans-serif; color: #000000; font-style: normal; font-weight: 400;\"><span style=\"color: gray; font-family: Helvetica, sans-serif; font-size: 12pt;\">2016<\/span><\/p><p style=\"margin: 0cm 0cm 10pt; line-height: 22px; font-size: 11pt; font-family: Calibri, sans-serif; color: #000000; font-style: normal; font-weight: 400;\"><span style=\"font-size: 12pt; line-height: 24px; font-family: Helvetica, sans-serif; color: gray;\">ROM\u00c1N, Juan. \u201cA contracorriente\u201d, Primer Premio del concurso para el Pabell\u00f3n de Chile en la XV Bienal de Arquitectura de Venecia.<\/span><\/p><p style=\"margin: 0cm 0cm 10pt; line-height: 22px; font-size: 11pt; font-family: Calibri, sans-serif; color: #000000; font-style: normal; font-weight: 400;\"><span style=\"font-size: 12pt; line-height: 24px; font-family: Helvetica, sans-serif; color: gray;\">URIBE, Jos\u00e9 Luis. \u201cPrimera exposici\u00f3n de Arquitectura Emergente en el Maule\u201d.<\/span><\/p><p style=\"margin: 0cm 0cm 10pt; line-height: 22px; font-size: 11pt; font-family: Calibri, sans-serif; color: #000000; font-style: normal; font-weight: 400;\"><span style=\"font-size: 12pt; line-height: 24px; font-family: Helvetica, sans-serif; color: gray;\">2018<\/span><\/p><p style=\"margin: 0cm 0cm 10pt; line-height: 22px; font-size: 11pt; font-family: Calibri, sans-serif; color: #000000; font-style: normal; font-weight: 400;\"><span style=\"font-size: 12pt; line-height: 24px; font-family: Helvetica, sans-serif; color: gray;\">URIBE, Jos\u00e9 Luis. \u201cPresentaci\u00f3n del libro <i>Talca, Cuesti\u00f3n de Educaci\u00f3n<\/i> en Espa\u00f1a\u201d. Fondo de Circulaci\u00f3n Internacional.<\/span><\/p><p style=\"margin: 0cm 0cm 10pt; line-height: 22px; font-size: 11pt; font-family: Calibri, sans-serif; color: #000000; font-style: normal; font-weight: 400;\"><span style=\"font-size: 12pt; line-height: 24px; font-family: Helvetica, sans-serif; color: gray;\">2021<\/span><\/p><p style=\"margin: 0cm 0cm 10pt; line-height: 22px; font-size: 11pt; font-family: Calibri, sans-serif; color: #000000; font-style: normal; font-weight: 400;\"><span style=\"font-size: 12pt; line-height: 24px; font-family: Helvetica, sans-serif; color: gray;\">LETELIER, V\u00edctor. \u201cTalca, la ciudad como museo\u201d. Fondart Regional, modalidad <i>Difusi\u00f3n<\/i>. 2021.<\/span><\/p><p style=\"margin: 0cm 0cm 10pt; line-height: 22px; font-size: 11pt; font-family: Calibri, sans-serif; color: #000000; font-style: normal; font-weight: 400;\"><span style=\"font-size: 12pt; line-height: 24px; font-family: Helvetica, sans-serif; color: gray;\">URIBE, Jos\u00e9 Luis. \u201cHabitar el territorio\u201d. Fondart Nacional en Arquitectura, modalidad <i>Difusion<\/i>.<\/span><\/p><p style=\"margin: 0cm 0cm 10pt; line-height: 22px; font-size: 11pt; font-family: Calibri, sans-serif; color: #000000; font-style: normal; font-weight: 400;\"><span style=\"font-size: 12pt; line-height: 24px; font-family: Helvetica, sans-serif; color: gray;\">2021.<\/span><\/p><p style=\"margin: 0cm 0cm 10pt; line-height: 22px; font-size: 11pt; font-family: Calibri, sans-serif; color: #000000; font-style: normal; font-weight: 400;\"><span style=\"font-size: 12pt; line-height: 24px; font-family: Helvetica, sans-serif; color: gray;\">URIBE, Jos\u00e9 Luis. \u201c<span style=\"background-image: initial; background-position: initial; background-size: initial; background-repeat: initial; background-attachment: initial; background-origin: initial; background-clip: initial;\">Edici\u00f3n e impresi\u00f3n del\u00a0<em><span style=\"font-family: Helvetica, sans-serif; font-style: normal;\">libro<\/span><\/em>\u00a0<i>Una arquitectura contempor\u00e1nea de. Paraguay. El proceso artesanal como m\u00e9todo de proyecto y obra<\/i>\u201d<\/span>. Fondart Nacional del Fondo del libro, Modalidad Fomento a la Industria \/ Apoyo a ediciones.<\/span><\/p><p style=\"margin: 0cm 0cm 10pt; line-height: 22px; font-size: 11pt; font-family: Calibri, sans-serif; color: #000000; font-style: normal; font-weight: 400;\"><span style=\"font-size: 12pt; line-height: 24px; font-family: Helvetica, sans-serif; color: gray;\">URIBE, Jos\u00e9 Luis. <span style=\"background-image: initial; background-position: initial; background-size: initial; background-repeat: initial; background-attachment: initial; background-origin: initial; background-clip: initial;\">\u201cDesde la periferia: Ensayos sobre cultura arquitect\u00f3nica contempor\u00e1nea\u201d. <\/span>Fondart Nacional del Fondo del libro, modalidad Creaci\u00f3n.<\/span><\/p><p style=\"margin: 0cm 0cm 10pt; line-height: 22px; font-size: 11pt; font-family: Calibri, sans-serif; color: #000000; font-style: normal; font-weight: 400;\"><span style=\"font-size: 12pt; line-height: 24px; font-family: Helvetica, sans-serif; color: gray;\">VALENZUELA, German. \u201c<span style=\"background-image: initial; background-position: initial; background-size: initial; background-repeat: initial; background-attachment: initial; background-origin: initial; background-clip: initial;\">Publicaci\u00f3n del\u00a0<em><span style=\"font-family: Helvetica, sans-serif; font-style: normal;\">libro<\/span><\/em>\u00a0<i>Del territorio al detalle<\/i>\u201d<\/span>. Fondart Nacional del Fondo del libro, Modalidad Fomento a la Industria \/ Apoyo a ediciones.<\/span><\/p><p style=\"margin: 0cm 0cm 10pt; line-height: 22px; font-size: 11pt; font-family: Calibri, sans-serif; color: #000000; font-style: normal; font-weight: 400;\"><span style=\"font-size: 12pt; line-height: 24px; font-family: Helvetica, sans-serif;\">\u00a0<\/span><\/p><p style=\"margin: 0cm 0cm 10pt; line-height: 22px; font-size: 11pt; font-family: Calibri, sans-serif; color: #000000; font-style: normal; font-weight: 400;\">\u00a0<\/p>\t\t\t\t\t\t<\/div>\n\t\t\t\t<\/div>\n\t\t\t\t\t<\/div>\n\t\t<\/div>\n\t\t\t\t<div class=\"elementor-column elementor-col-50 elementor-top-column elementor-element elementor-element-8760891\" data-id=\"8760891\" data-element_type=\"column\" data-settings=\"{&quot;architecturer_ext_is_mobile_menu&quot;:&quot;false&quot;,&quot;architecturer_ext_is_scrollme&quot;:&quot;false&quot;,&quot;architecturer_ext_is_smoove&quot;:&quot;false&quot;,&quot;architecturer_ext_is_parallax_mouse&quot;:&quot;false&quot;,&quot;architecturer_ext_is_infinite&quot;:&quot;false&quot;,&quot;architecturer_ext_is_fadeout_animation&quot;:&quot;false&quot;}\">\n\t\t\t<div class=\"elementor-widget-wrap\">\n\t\t\t\t\t\t\t\t\t<\/div>\n\t\t<\/div>\n\t\t\t\t\t\t\t<\/div>\n\t\t<\/section>\n\t\t\t\t\t\t<\/div>\n\t\t\t\t\t<\/div>\n\t\t","protected":false},"excerpt":{"rendered":"<p>Fondos Externos&nbsp; Ministerio de la Cultura, las Artes y el Patrimonio Arquitectura 2016 ROM\u00c1N, Juan. \u201cA contracorriente\u201d, Primer Premio del concurso para el Pabell\u00f3n de Chile en la XV Bienal de Arquitectura de Venecia. URIBE, Jos\u00e9 Luis. \u201cPrimera exposici\u00f3n de [&hellip;]<\/p>\n","protected":false},"author":1,"featured_media":0,"parent":0,"menu_order":0,"comment_status":"closed","ping_status":"closed","template":"","meta":[],"_links":{"self":[{"href":"https:\/\/famd.utalca.cl\/index.php?rest_route=\/wp\/v2\/pages\/4457"}],"collection":[{"href":"https:\/\/famd.utalca.cl\/index.php?rest_route=\/wp\/v2\/pages"}],"about":[{"href":"https:\/\/famd.utalca.cl\/index.php?rest_route=\/wp\/v2\/types\/page"}],"author":[{"embeddable":true,"href":"https:\/\/famd.utalca.cl\/index.php?rest_route=\/wp\/v2\/users\/1"}],"replies":[{"embeddable":true,"href":"https:\/\/famd.utalca.cl\/index.php?rest_route=%2Fwp%2Fv2%2Fcomments&post=4457"}],"version-history":[{"count":7,"href":"https:\/\/famd.utalca.cl\/index.php?rest_route=\/wp\/v2\/pages\/4457\/revisions"}],"predecessor-version":[{"id":4464,"href":"https:\/\/famd.utalca.cl\/index.php?rest_route=\/wp\/v2\/pages\/4457\/revisions\/4464"}],"wp:attachment":[{"href":"https:\/\/famd.utalca.cl\/index.php?rest_route=%2Fwp%2Fv2%2Fmedia&parent=4457"}],"curies":[{"name":"wp","href":"https:\/\/api.w.org\/{rel}","templated":true}]}}