{"id":4504,"date":"2022-06-14T23:30:08","date_gmt":"2022-06-15T02:30:08","guid":{"rendered":"https:\/\/famd.utalca.cl\/?page_id=4504"},"modified":"2022-06-14T23:33:55","modified_gmt":"2022-06-15T02:33:55","slug":"premios-reconocimientos","status":"publish","type":"page","link":"https:\/\/famd.utalca.cl\/?page_id=4504","title":{"rendered":"Premios, Reconocimientos"},"content":{"rendered":"\t\t<div data-elementor-type=\"wp-post\" data-elementor-id=\"4504\" class=\"elementor elementor-4504\" data-elementor-settings=\"[]\">\n\t\t\t\t\t\t\t<div class=\"elementor-section-wrap\">\n\t\t\t\t\t\t\t<section class=\"elementor-section elementor-top-section elementor-element elementor-element-c2cb298 elementor-section-boxed elementor-section-height-default elementor-section-height-default\" data-id=\"c2cb298\" data-element_type=\"section\" data-settings=\"{&quot;architecturer_ext_is_background_parallax&quot;:&quot;false&quot;,&quot;architecturer_ext_is_background_on_scroll&quot;:&quot;false&quot;}\">\n\t\t\t\t\t\t<div class=\"elementor-container elementor-column-gap-no\">\n\t\t\t\t\t<div class=\"elementor-column elementor-col-50 elementor-top-column elementor-element elementor-element-7a5616b\" data-id=\"7a5616b\" data-element_type=\"column\" data-settings=\"{&quot;architecturer_ext_is_mobile_menu&quot;:&quot;false&quot;,&quot;architecturer_ext_is_scrollme&quot;:&quot;false&quot;,&quot;architecturer_ext_is_smoove&quot;:&quot;false&quot;,&quot;architecturer_ext_is_parallax_mouse&quot;:&quot;false&quot;,&quot;architecturer_ext_is_infinite&quot;:&quot;false&quot;,&quot;architecturer_ext_is_fadeout_animation&quot;:&quot;false&quot;}\">\n\t\t\t<div class=\"elementor-widget-wrap elementor-element-populated\">\n\t\t\t\t\t\t\t\t<div class=\"elementor-element elementor-element-1c713d3 animated-fast elementor-invisible elementor-widget elementor-widget-text-editor\" data-id=\"1c713d3\" data-element_type=\"widget\" data-settings=\"{&quot;_animation&quot;:&quot;fadeInUp&quot;,&quot;architecturer_ext_is_mobile_menu&quot;:&quot;false&quot;,&quot;architecturer_ext_is_scrollme&quot;:&quot;false&quot;,&quot;architecturer_ext_is_smoove&quot;:&quot;false&quot;,&quot;architecturer_ext_is_parallax_mouse&quot;:&quot;false&quot;,&quot;architecturer_ext_is_infinite&quot;:&quot;false&quot;,&quot;architecturer_ext_is_fadeout_animation&quot;:&quot;false&quot;}\" data-widget_type=\"text-editor.default\">\n\t\t\t\t<div class=\"elementor-widget-container\">\n\t\t\t\t\t\t\t\t\t\t\t\t\t<\/div>\n\t\t\t\t<\/div>\n\t\t\t\t<div class=\"elementor-element elementor-element-2d526ae animated-fast elementor-invisible elementor-widget elementor-widget-heading\" data-id=\"2d526ae\" data-element_type=\"widget\" data-settings=\"{&quot;_animation&quot;:&quot;fadeInUp&quot;,&quot;_animation_delay&quot;:200,&quot;architecturer_ext_is_mobile_menu&quot;:&quot;false&quot;,&quot;architecturer_ext_is_scrollme&quot;:&quot;false&quot;,&quot;architecturer_ext_is_smoove&quot;:&quot;false&quot;,&quot;architecturer_ext_is_parallax_mouse&quot;:&quot;false&quot;,&quot;architecturer_ext_is_infinite&quot;:&quot;false&quot;,&quot;architecturer_ext_is_fadeout_animation&quot;:&quot;false&quot;}\" data-widget_type=\"heading.default\">\n\t\t\t\t<div class=\"elementor-widget-container\">\n\t\t\t<h1 class=\"elementor-heading-title elementor-size-default\"><span style=\"letter-spacing: 0px;\">Premios, Reconocimientos<\/span><\/h1>\t\t<\/div>\n\t\t\t\t<\/div>\n\t\t\t\t<div class=\"elementor-element elementor-element-3a5d4a6 animated-fast elementor-invisible elementor-widget elementor-widget-text-editor\" data-id=\"3a5d4a6\" data-element_type=\"widget\" data-settings=\"{&quot;_animation&quot;:&quot;fadeInUp&quot;,&quot;_animation_delay&quot;:400,&quot;architecturer_ext_is_mobile_menu&quot;:&quot;false&quot;,&quot;architecturer_ext_is_scrollme&quot;:&quot;false&quot;,&quot;architecturer_ext_is_smoove&quot;:&quot;false&quot;,&quot;architecturer_ext_is_parallax_mouse&quot;:&quot;false&quot;,&quot;architecturer_ext_is_infinite&quot;:&quot;false&quot;,&quot;architecturer_ext_is_fadeout_animation&quot;:&quot;false&quot;}\" data-widget_type=\"text-editor.default\">\n\t\t\t\t<div class=\"elementor-widget-container\">\n\t\t\t\t\t\t\t<p style=\"margin: 0cm; line-height: 16.8667px; font-size: 11pt; font-family: Calibri, sans-serif; color: #000000; font-style: normal; font-weight: 400;\"><b><span style=\"font-size: 12pt; line-height: 18.4px; font-family: Helvetica, sans-serif;\">Arquitectura<\/span><\/b><\/p><p style=\"margin: 0cm 0cm 10pt; line-height: 22px; font-size: 11pt; font-family: Calibri, sans-serif; color: #000000; font-style: normal;\"><span style=\"font-size: 12pt; line-height: 24px; font-family: Helvetica, sans-serif; color: gray;\"><b>Premios nacionales<\/b><\/span><\/p><p style=\"margin: 0cm 0cm 10pt; line-height: 22px; font-size: 11pt; font-family: Calibri, sans-serif; color: #000000; font-style: normal; font-weight: 400;\"><span style=\"font-size: 12pt; line-height: 24px; font-family: Helvetica, sans-serif; color: gray;\">2019<\/span><\/p><p style=\"margin: 0cm 0cm 10pt; line-height: 22px; font-size: 11pt; font-family: Calibri, sans-serif; color: #000000; font-style: normal; font-weight: 400;\"><span style=\"font-size: 12pt; line-height: 24px; font-family: Helvetica, sans-serif; color: gray;\">\u201cBr\u00fajula esc\u00e9nica\u201d, Obra de Titulo de Constanza Gonz\u00e1lez.\u00a0<\/span><span style=\"color: gray; font-family: Helvetica, sans-serif; font-size: 12pt;\">Menci\u00f3n Honrosa Concurso de Proyectos de Final de Carrera en la Bienal de Arquitectura y Urbanismo de Chile.<\/span><\/p><p style=\"margin: 0cm 0cm 10pt; line-height: 22px; font-size: 11pt; font-family: Calibri, sans-serif; color: #000000; font-style: normal; font-weight: 400;\"><span style=\"font-size: 12pt; line-height: 24px; font-family: Helvetica, sans-serif; color: gray;\">\u201cRe-Inhabit Maule Region&#8217;s Coast\u201d, Obra de Titulo de Karen Ram\u00edrez,\u00a0Natalia Franco,\u00a0Katherine Carrillo, Ang\u00e9lica M\u00e9ndez.\u00a0<\/span><span style=\"color: gray; font-family: Helvetica, sans-serif; font-size: 12pt;\">Menci\u00f3n Honrosa Concurso de Proyectos de Final de Carrera Archiprix Chile.<\/span><\/p><p style=\"margin: 0cm 0cm 10pt; line-height: 22px; font-size: 11pt; font-family: Calibri, sans-serif; color: #000000; font-style: normal; font-weight: 400;\"><span style=\"font-size: 12pt; line-height: 24px; font-family: Helvetica, sans-serif; color: gray;\">2020<\/span><\/p><p style=\"margin: 0cm 0cm 10pt; line-height: 22px; font-size: 11pt; font-family: Calibri, sans-serif; color: #000000; font-style: normal; font-weight: 400;\"><span style=\"font-size: 12pt; line-height: 24px; font-family: Helvetica, sans-serif; color: gray; background-image: initial; background-position: initial; background-size: initial; background-repeat: initial; background-attachment: initial; background-origin: initial; background-clip: initial;\">\u201cOratorio de la Peregrina\u201d, Obra de Titulo de Sebasti\u00e1n Mej\u00edas.\u00a0<\/span><span style=\"color: gray; font-family: Helvetica, sans-serif; font-size: 12pt;\">Primer Lugar en el Concurso Premio Arquitectura del Ladrillo, organizado por Cer\u00e1mica Santiago y la C\u00e1mara Chilena de la Construcci\u00f3n.<\/span><\/p><p style=\"margin: 0cm 0cm 10pt; line-height: 22px; font-size: 11pt; font-family: Calibri, sans-serif; color: #000000; font-style: normal; font-weight: 400;\"><span style=\"font-size: 12pt; line-height: 24px; font-family: Helvetica, sans-serif; color: gray;\">2021<\/span><\/p><p style=\"margin: 0cm 0cm 10pt; line-height: 22px; font-size: 11pt; font-family: Calibri, sans-serif; color: #000000; font-style: normal; font-weight: 400;\"><span style=\"font-size: 12pt; line-height: 24px; font-family: Helvetica, sans-serif; color: gray; background-image: initial; background-position: initial; background-size: initial; background-repeat: initial; background-attachment: initial; background-origin: initial; background-clip: initial;\">\u201cOratorio de la Peregrina\u201d, Obra de Titulo de Sebasti\u00e1n Mej\u00edas.\u00a0<\/span><span style=\"color: gray; font-family: Helvetica, sans-serif; font-size: 12pt;\">Primer Lugar en el Concurso Nacional de Proyectos de Titulo 2021, organizado por el grupo Arquitectura Caliente y patrocinado por el Colegio de Arquitectos de Chile y la Asociaci\u00f3n de Oficinas de Arquitectos de Chile.<\/span><\/p><p style=\"margin: 0cm 0cm 10pt; line-height: 22px; font-size: 11pt; font-family: Calibri, sans-serif; color: #000000; font-style: normal;\"><span style=\"font-size: 12pt; line-height: 24px; font-family: Helvetica, sans-serif; color: gray;\"><b>Premios internacionales<\/b><\/span><\/p><p style=\"margin: 0cm 0cm 10pt; line-height: 22px; font-size: 11pt; font-family: Calibri, sans-serif; color: #000000; font-style: normal; font-weight: 400;\"><span style=\"font-size: 12pt; line-height: 24px; font-family: Helvetica, sans-serif; color: gray;\">2015<\/span><\/p><p style=\"margin: 0cm 0cm 10pt; line-height: 22px; font-size: 11pt; font-family: Calibri, sans-serif; color: #000000; font-style: normal; font-weight: 400;\"><span style=\"font-size: 12pt; line-height: 24px; font-family: Helvetica, sans-serif; color: gray;\">Obtenci\u00f3n del Global Award for Sustainable Architecture, otorgado por Cit\u00e9 d L\u00e1rchitecture &amp; du Patrimoine. <\/span><span lang=\"EN-US\" style=\"font-size: 12pt; line-height: 24px; font-family: Helvetica, sans-serif; color: gray;\">Francia.<\/span><\/p><p style=\"margin: 0cm 0cm 10pt; line-height: 22px; font-size: 11pt; font-family: Calibri, sans-serif; color: #000000; font-style: normal; font-weight: 400;\"><span lang=\"EN-US\" style=\"font-size: 12pt; line-height: 24px; font-family: Helvetica, sans-serif; color: gray;\">2017<\/span><\/p><p style=\"margin: 0cm 0cm 10pt; line-height: 22px; font-size: 11pt; font-family: Calibri, sans-serif; color: #000000; font-style: normal; font-weight: 400;\"><span lang=\"EN-US\" style=\"font-size: 12pt; line-height: 24px; font-family: Helvetica, sans-serif; color: gray;\">\u201cInhabiting highest in the Andes. Three works that value Maule\u2019s cattlemen\u201d de Edgard Torres, Rodolfo Cespedes y Jonathan M\u00e9ndez.<\/span><\/p><p style=\"margin: 0cm 0cm 10pt; line-height: 22px; font-size: 11pt; font-family: Calibri, sans-serif; color: #000000; font-style: normal; font-weight: 400;\"><span style=\"font-size: 12pt; line-height: 24px; font-family: Helvetica, sans-serif; color: gray;\">Primer Lugar en el Concurso de Proyectos de Final de Carrera Archiprix Internacional, organizado por Hunter Douglas. India.<\/span><\/p><p style=\"margin: 0cm 0cm 10pt; line-height: 22px; font-size: 11pt; font-family: Calibri, sans-serif; color: #000000; font-style: normal; font-weight: 400;\"><span style=\"font-size: 12pt; line-height: 24px; font-family: Helvetica, sans-serif; color: gray;\">2020<\/span><\/p><p style=\"margin: 0cm 0cm 10pt; line-height: 22px; font-size: 11pt; font-family: Calibri, sans-serif; color: #000000; font-style: normal; font-weight: 400;\"><span style=\"font-size: 12pt; line-height: 24px; font-family: Helvetica, sans-serif; color: gray;\">\u201cThree Places to Inhabit the Mountain Range in the Maule Region\u201d, Obra de Titulo de Mar\u00eda Jes\u00fas Molina, P\u00eda Montero y Antonia Ossa.<\/span><\/p><p style=\"margin: 0cm 0cm 10pt; line-height: 22px; font-size: 11pt; font-family: Calibri, sans-serif; color: #000000; font-style: normal; font-weight: 400;\"><span style=\"font-size: 12pt; line-height: 24px; font-family: Helvetica, sans-serif; color: gray; background-image: initial; background-position: initial; background-size: initial; background-repeat: initial; background-attachment: initial; background-origin: initial; background-clip: initial;\">Primer Lugar en el Young Talent Architecture Award Titulo 2020, organizado por la Fundaci\u00f3n Mies van der Rohe y Creative Europe. Espa\u00f1a.<\/span><\/p><p style=\"margin: 0cm 0cm 10pt; line-height: 22px; font-size: 11pt; font-family: Calibri, sans-serif; color: #000000; font-style: normal; font-weight: 400;\"><span style=\"font-size: 12pt; line-height: 24px; font-family: Helvetica, sans-serif; color: gray; background-image: initial; background-position: initial; background-size: initial; background-repeat: initial; background-attachment: initial; background-origin: initial; background-clip: initial;\">\u201cHito conmemorativo comisi\u00f3n Pehuenche\u201d, Obra de Titulo de Antonia Ossa.\u00a0<\/span><span style=\"color: gray; font-family: Helvetica, sans-serif; font-size: 12pt;\">Primer lugar en la IV Bienal Latinoamericana de Arquitectura del Paisaje, organizado por la Sociedad de Arquitectos Paisajistas de M\u00e9xico.<\/span><\/p><p style=\"margin: 0cm 0cm 10pt; line-height: 22px; font-size: 11pt; font-family: Calibri, sans-serif; color: #000000; font-style: normal; font-weight: 400;\"><span style=\"font-size: 12pt; line-height: 24px; font-family: Helvetica, sans-serif; color: gray; background-image: initial; background-position: initial; background-size: initial; background-repeat: initial; background-attachment: initial; background-origin: initial; background-clip: initial;\">2021<\/span><\/p><p style=\"margin: 0cm 0cm 10pt; line-height: 22px; font-size: 11pt; font-family: Calibri, sans-serif; color: #000000; font-style: normal; font-weight: 400;\"><span style=\"font-size: 12pt; line-height: 24px; font-family: Helvetica, sans-serif; color: gray;\">ROMAN. Juan; VALENZUELA, Germ\u00e1n. Premio a la Mejor Cr\u00edtica Interpretativa W.A.Ve\u00a02021, organizado por el Instituto Universitario de Arquitectura de Venecia. Italia.<\/span><\/p><p style=\"margin: 0cm 0cm 10pt; line-height: 22px; font-size: 11pt; font-family: Calibri, sans-serif; color: #000000; font-style: normal; font-weight: 400;\"><span style=\"font-size: 12pt; line-height: 24px; font-family: Helvetica, sans-serif; color: gray; background-image: initial; background-position: initial; background-size: initial; background-repeat: initial; background-attachment: initial; background-origin: initial; background-clip: initial;\">VVAA. Finalista Premio Nacional de Innovaci\u00f3n Avonni. Chile.<\/span><\/p><p style=\"margin: 0cm 0cm 10pt; line-height: 22px; font-size: 11pt; font-family: Calibri, sans-serif; color: #000000; font-style: normal; font-weight: 400;\"><span style=\"font-size: 12pt; line-height: 24px; font-family: Helvetica, sans-serif; color: gray; background-image: initial; background-position: initial; background-size: initial; background-repeat: initial; background-attachment: initial; background-origin: initial; background-clip: initial;\">VVAA. Primer Premio concurso audiovisual Nuestra Mirada del Territorio, organizado por el Colegio de Arquitectos de Chile.<\/span><\/p><p style=\"margin: 0cm 0cm 10pt; line-height: 22px; font-size: 11pt; font-family: Calibri, sans-serif; color: #000000; font-style: normal; font-weight: 400;\">\u00a0<\/p>\t\t\t\t\t\t<\/div>\n\t\t\t\t<\/div>\n\t\t\t\t\t<\/div>\n\t\t<\/div>\n\t\t\t\t<div class=\"elementor-column elementor-col-50 elementor-top-column elementor-element elementor-element-8760891\" data-id=\"8760891\" data-element_type=\"column\" data-settings=\"{&quot;architecturer_ext_is_mobile_menu&quot;:&quot;false&quot;,&quot;architecturer_ext_is_scrollme&quot;:&quot;false&quot;,&quot;architecturer_ext_is_smoove&quot;:&quot;false&quot;,&quot;architecturer_ext_is_parallax_mouse&quot;:&quot;false&quot;,&quot;architecturer_ext_is_infinite&quot;:&quot;false&quot;,&quot;architecturer_ext_is_fadeout_animation&quot;:&quot;false&quot;}\">\n\t\t\t<div class=\"elementor-widget-wrap\">\n\t\t\t\t\t\t\t\t\t<\/div>\n\t\t<\/div>\n\t\t\t\t\t\t\t<\/div>\n\t\t<\/section>\n\t\t\t\t\t\t<\/div>\n\t\t\t\t\t<\/div>\n\t\t","protected":false},"excerpt":{"rendered":"<p>Premios, Reconocimientos Arquitectura Premios nacionales 2019 \u201cBr\u00fajula esc\u00e9nica\u201d, Obra de Titulo de Constanza Gonz\u00e1lez.\u00a0Menci\u00f3n Honrosa Concurso de Proyectos de Final de Carrera en la Bienal de Arquitectura y Urbanismo de Chile. \u201cRe-Inhabit Maule Region&#8217;s Coast\u201d, Obra de Titulo de Karen [&hellip;]<\/p>\n","protected":false},"author":1,"featured_media":0,"parent":0,"menu_order":0,"comment_status":"closed","ping_status":"closed","template":"","meta":[],"_links":{"self":[{"href":"https:\/\/famd.utalca.cl\/index.php?rest_route=\/wp\/v2\/pages\/4504"}],"collection":[{"href":"https:\/\/famd.utalca.cl\/index.php?rest_route=\/wp\/v2\/pages"}],"about":[{"href":"https:\/\/famd.utalca.cl\/index.php?rest_route=\/wp\/v2\/types\/page"}],"author":[{"embeddable":true,"href":"https:\/\/famd.utalca.cl\/index.php?rest_route=\/wp\/v2\/users\/1"}],"replies":[{"embeddable":true,"href":"https:\/\/famd.utalca.cl\/index.php?rest_route=%2Fwp%2Fv2%2Fcomments&post=4504"}],"version-history":[{"count":7,"href":"https:\/\/famd.utalca.cl\/index.php?rest_route=\/wp\/v2\/pages\/4504\/revisions"}],"predecessor-version":[{"id":4511,"href":"https:\/\/famd.utalca.cl\/index.php?rest_route=\/wp\/v2\/pages\/4504\/revisions\/4511"}],"wp:attachment":[{"href":"https:\/\/famd.utalca.cl\/index.php?rest_route=%2Fwp%2Fv2%2Fmedia&parent=4504"}],"curies":[{"name":"wp","href":"https:\/\/api.w.org\/{rel}","templated":true}]}}