{"id":4537,"date":"2022-08-09T21:32:44","date_gmt":"2022-08-10T00:32:44","guid":{"rendered":"https:\/\/famd.utalca.cl\/?page_id=4537"},"modified":"2022-08-09T21:43:13","modified_gmt":"2022-08-10T00:43:13","slug":"creacion-1","status":"publish","type":"page","link":"https:\/\/famd.utalca.cl\/?page_id=4537","title":{"rendered":"CREACI\u00d3N 1"},"content":{"rendered":"\t\t<div data-elementor-type=\"wp-post\" data-elementor-id=\"4537\" class=\"elementor elementor-4537\" data-elementor-settings=\"[]\">\n\t\t\t\t\t\t\t<div class=\"elementor-section-wrap\">\n\t\t\t\t\t\t\t<section class=\"elementor-section elementor-top-section elementor-element elementor-element-c2cb298 elementor-section-boxed elementor-section-height-default elementor-section-height-default\" data-id=\"c2cb298\" data-element_type=\"section\" data-settings=\"{&quot;architecturer_ext_is_background_parallax&quot;:&quot;false&quot;,&quot;architecturer_ext_is_background_on_scroll&quot;:&quot;false&quot;}\">\n\t\t\t\t\t\t<div class=\"elementor-container elementor-column-gap-no\">\n\t\t\t\t\t<div class=\"elementor-column elementor-col-50 elementor-top-column elementor-element elementor-element-7a5616b\" data-id=\"7a5616b\" data-element_type=\"column\" data-settings=\"{&quot;architecturer_ext_is_mobile_menu&quot;:&quot;false&quot;,&quot;architecturer_ext_is_scrollme&quot;:&quot;false&quot;,&quot;architecturer_ext_is_smoove&quot;:&quot;false&quot;,&quot;architecturer_ext_is_parallax_mouse&quot;:&quot;false&quot;,&quot;architecturer_ext_is_infinite&quot;:&quot;false&quot;,&quot;architecturer_ext_is_fadeout_animation&quot;:&quot;false&quot;}\">\n\t\t\t<div class=\"elementor-widget-wrap elementor-element-populated\">\n\t\t\t\t\t\t\t\t<div class=\"elementor-element elementor-element-1c713d3 animated-fast elementor-invisible elementor-widget elementor-widget-text-editor\" data-id=\"1c713d3\" data-element_type=\"widget\" data-settings=\"{&quot;_animation&quot;:&quot;fadeInUp&quot;,&quot;architecturer_ext_is_mobile_menu&quot;:&quot;false&quot;,&quot;architecturer_ext_is_scrollme&quot;:&quot;false&quot;,&quot;architecturer_ext_is_smoove&quot;:&quot;false&quot;,&quot;architecturer_ext_is_parallax_mouse&quot;:&quot;false&quot;,&quot;architecturer_ext_is_infinite&quot;:&quot;false&quot;,&quot;architecturer_ext_is_fadeout_animation&quot;:&quot;false&quot;}\" data-widget_type=\"text-editor.default\">\n\t\t\t\t<div class=\"elementor-widget-container\">\n\t\t\t\t\t\t\t\t\t\t\t\t\t<\/div>\n\t\t\t\t<\/div>\n\t\t\t\t<div class=\"elementor-element elementor-element-2d526ae animated-fast elementor-invisible elementor-widget elementor-widget-heading\" data-id=\"2d526ae\" data-element_type=\"widget\" data-settings=\"{&quot;_animation&quot;:&quot;fadeInUp&quot;,&quot;_animation_delay&quot;:200,&quot;architecturer_ext_is_mobile_menu&quot;:&quot;false&quot;,&quot;architecturer_ext_is_scrollme&quot;:&quot;false&quot;,&quot;architecturer_ext_is_smoove&quot;:&quot;false&quot;,&quot;architecturer_ext_is_parallax_mouse&quot;:&quot;false&quot;,&quot;architecturer_ext_is_infinite&quot;:&quot;false&quot;,&quot;architecturer_ext_is_fadeout_animation&quot;:&quot;false&quot;}\" data-widget_type=\"heading.default\">\n\t\t\t\t<div class=\"elementor-widget-container\">\n\t\t\t<h1 class=\"elementor-heading-title elementor-size-default\">Feos, sucios &amp; malos<br><b><span style=\"color: rgb(128, 128, 128); font-family: Helvetica, sans-serif; font-size: 16px; font-style: normal; text-align: justify; white-space: normal;\">Una arquitectura contempor\u00e1nea en Latinoam\u00e9rica<\/span><\/b><\/h1>\t\t<\/div>\n\t\t\t\t<\/div>\n\t\t\t\t<div class=\"elementor-element elementor-element-3a5d4a6 animated-fast elementor-invisible elementor-widget elementor-widget-text-editor\" data-id=\"3a5d4a6\" data-element_type=\"widget\" data-settings=\"{&quot;_animation&quot;:&quot;fadeInUp&quot;,&quot;_animation_delay&quot;:400,&quot;architecturer_ext_is_mobile_menu&quot;:&quot;false&quot;,&quot;architecturer_ext_is_scrollme&quot;:&quot;false&quot;,&quot;architecturer_ext_is_smoove&quot;:&quot;false&quot;,&quot;architecturer_ext_is_parallax_mouse&quot;:&quot;false&quot;,&quot;architecturer_ext_is_infinite&quot;:&quot;false&quot;,&quot;architecturer_ext_is_fadeout_animation&quot;:&quot;false&quot;}\" data-widget_type=\"text-editor.default\">\n\t\t\t\t<div class=\"elementor-widget-container\">\n\t\t\t\t\t\t\t<p style=\"margin: 0cm; line-height: 22px; font-size: 11pt; font-family: Calibri, sans-serif; color: #000000; font-style: normal; font-weight: 400;\">\u00a0<\/p><p style=\"margin: 0cm; font-size: 12pt; font-family: Cambria, serif; color: #000000; font-style: normal; font-weight: 400; text-align: justify;\"><span style=\"font-family: Helvetica, sans-serif; color: gray; padding: 0cm; border: 1pt none windowtext;\">La obra corresponde a un ensayo audiovisual que aglutina el pensamiento asociado al actual estado de la arquitectura latinoamericana a trav\u00e9s del relato oral, construyendo el retrato humano de un grupo de arquitectos que en una perdida habitaci\u00f3n de hotel en Asunci\u00f3n (Paraguay) reflexionan respecto al aporte de Latinoam\u00e9rica a la condici\u00f3n contempor\u00e1nea de la Arquitectura.\u00a0<\/span><\/p><p style=\"margin: 0cm; font-size: 12pt; font-family: Cambria, serif; color: #000000; font-style: normal; font-weight: 400; text-align: justify;\"><span style=\"font-variant: inherit; font-stretch: inherit; font-size: inherit; line-height: inherit; color: inherit;\"><span style=\"font-family: Helvetica, sans-serif; color: gray; padding: 0cm; border: 1pt none windowtext;\">Actualmente la pel\u00edcula se encuentra circulando en galer\u00edas de arte, bienales de arquitectura y festivales de cine. Hasta la fecha la obra se ha exhibido en M\u00e9xico, Colombia, EEUU, Espa\u00f1a y Argentina.\u00a0<\/span><\/span><\/p><p style=\"margin: 0cm; font-size: 12pt; font-family: Cambria, serif; color: #000000; font-style: normal; font-weight: 400; text-align: justify;\"><span style=\"color: gray; font-family: Helvetica, sans-serif; font-size: 16px; font-variant-ligatures: inherit; font-variant-caps: inherit;\">G\u00e9nero: Documental\u00a0 \u00a0 \u00a0 \u00a0 \u00a0 \u00a0 \u00a0 \u00a0 \u00a0 \u00a0 \u00a0 \u00a0 \u00a0 \u00a0 \u00a0 \u00a0 \u00a0 \u00a0 \u00a0 \u00a0 \u00a0 \u00a0 \u00a0 \u00a0 \u00a0 \u00a0 \u00a0 \u00a0 \u00a0 \u00a0 \u00a0 \u00a0 \u00a0 \u00a0 \u00a0 \u00a0 \u00a0 \u00a0 \u00a0 \u00a0 \u00a0 <\/span><span style=\"color: gray; font-family: Helvetica, sans-serif; font-size: 16px; font-variant-ligatures: inherit; font-variant-caps: inherit;\">Director: Jos\u00e9 Luis Uribe Ortiz\u00a0 \u00a0 \u00a0 \u00a0 \u00a0 \u00a0 \u00a0 \u00a0 \u00a0 \u00a0 \u00a0 \u00a0 \u00a0 \u00a0 \u00a0 \u00a0 \u00a0 \u00a0 \u00a0 \u00a0 \u00a0 \u00a0 \u00a0 \u00a0 \u00a0 \u00a0 \u00a0 \u00a0 \u00a0 \u00a0 \u00a0 \u00a0 <\/span><span style=\"color: gray; font-family: Helvetica, sans-serif; font-size: 16px; font-variant-ligatures: inherit; font-variant-caps: inherit;\">Producci\u00f3n general: Jupiter Films\u00a0 \u00a0 \u00a0 \u00a0 \u00a0 \u00a0 \u00a0 \u00a0 \u00a0 \u00a0 \u00a0 \u00a0 \u00a0 \u00a0 \u00a0 \u00a0 \u00a0 \u00a0 \u00a0 \u00a0 \u00a0 \u00a0 \u00a0 \u00a0 \u00a0 \u00a0 \u00a0 \u00a0 \u00a0 \u00a0 \u00a0 \u00a0 \u00a0 \u00a0 \u00a0 \u00a0 \u00a0 <\/span><span style=\"color: gray; font-family: Helvetica, sans-serif; font-size: 16px; font-style: normal; font-variant-ligatures: inherit; font-variant-caps: inherit; font-weight: 400;\">Arte gr\u00e1fico: Jos\u00e9 Ignacio Torres.\u00a0 \u00a0 \u00a0 \u00a0 \u00a0 \u00a0 \u00a0 \u00a0 \u00a0 \u00a0 \u00a0 \u00a0 \u00a0 \u00a0 \u00a0 \u00a0 \u00a0 \u00a0 \u00a0 \u00a0 \u00a0 \u00a0 \u00a0 \u00a0 \u00a0 \u00a0 \u00a0 \u00a0 \u00a0 \u00a0 \u00a0 \u00a0 \u00a0 \u00a0 \u00a0 \u00a0 \u00a0 \u00a0 <\/span><span style=\"color: gray; font-family: Helvetica, sans-serif; font-size: 16px; font-variant-ligatures: inherit; font-variant-caps: inherit;\">Arte del afiche: Danae Valenzuela\u00a0<\/span><\/p><p style=\"margin: 0cm; font-size: 12pt; font-family: Cambria, serif; color: #000000; font-style: normal; font-weight: 400; text-align: justify;\"><span style=\"font-variant: inherit; font-stretch: inherit; font-size: inherit; line-height: inherit; color: inherit;\"><span style=\"font-family: Helvetica, sans-serif; color: gray; padding: 0cm; border: 1pt none windowtext;\">Duracion: 45 min.\u00a0<\/span><\/span><\/p><p style=\"margin: 0cm; font-size: 12pt; font-family: Cambria, serif; color: #000000; font-style: normal; font-weight: 400; text-align: justify;\"><span style=\"font-variant: inherit; font-stretch: inherit; font-size: inherit; line-height: inherit; color: inherit;\"><span style=\"font-family: Helvetica, sans-serif; color: gray; padding: 0cm; border: 1pt none windowtext;\">Elenco: Arturo Franco (Espa\u00f1a), Carlos Quintans (Espa\u00f1a), Carlos Pita (Espa\u00f1a), Sandra Barclay (Per\u00fa), Nicol\u00e1s Campod\u00f3nico (Argentina), Javier Corval\u00e1n (Paraguay), Jean Pierre Crousse (Per\u00fa), Jos\u00e9 Cubilla (Paraguay), Daniel Moreno Flores (Ecuador), Mauricio Rocha (Mexico), Jos\u00e9 Mar\u00eda S\u00e1ez (Ecuador), Fernando Viegas (Brasil), Anatxu Zabalbeascoa (Espa\u00f1a) y la participacion especial de Jorge Scrimaglio.\u00a0<\/span><\/span><\/p><p style=\"margin: 0cm; font-size: 12pt; font-family: Cambria, serif; color: #000000; font-style: normal; font-weight: 400; text-align: justify;\"><span style=\"font-variant: inherit; font-stretch: inherit; font-size: inherit; line-height: inherit; color: inherit;\"><span style=\"font-family: Helvetica, sans-serif; color: gray; padding: 0cm; border: 1pt none windowtext;\">Trailer: <a style=\"color: blue; text-decoration-line: underline;\" href=\"https:\/\/youtu.be\/vedoVpiEUKQ\">https:\/\/youtu.be\/vedoVpiEUKQ<\/a>\u00a0<\/span><\/span><\/p><p style=\"margin: 0cm; font-size: 12pt; font-family: Cambria, serif; color: #000000; font-style: normal; font-weight: 400; text-align: justify;\"><span style=\"font-size: 16px; font-style: normal; font-weight: 400; color: gray; font-family: Helvetica, sans-serif; font-variant-ligatures: inherit; font-variant-caps: inherit;\">Web: <\/span><a style=\"font-size: 16px; font-style: normal; font-weight: 400; font-family: Helvetica, sans-serif; font-variant-ligatures: inherit; font-variant-caps: inherit; color: blue; text-decoration-line: underline;\" href=\"http:\/\/www.desdelaperiferia.com\">www.desdelaperiferia.com<\/a><span style=\"font-size: 16px; font-style: normal; font-weight: 400; color: gray; font-family: Helvetica, sans-serif; font-variant-ligatures: inherit; font-variant-caps: inherit;\">\u00a0<\/span><\/p><p style=\"margin: 0cm; font-size: 12pt; font-family: Cambria, serif; color: #000000; font-style: normal; font-weight: 400; text-align: justify;\"><span style=\"color: gray; font-family: Helvetica, sans-serif; font-size: 16px; font-variant-ligatures: inherit; font-variant-caps: inherit;\">Instagram: @proyectodesdelaperiferia\u00a0<\/span><\/p><p style=\"margin: 0cm 0cm 10pt; line-height: 22px; font-size: 11pt; font-family: Calibri, sans-serif; color: #000000; font-style: normal; font-weight: 400;\">\u00a0<\/p><p style=\"margin: 0cm; line-height: 22px; font-size: 11pt; font-family: Calibri, sans-serif; color: #000000; font-style: normal; font-weight: 400;\"><b><span style=\"font-size: 12pt; line-height: 24px; font-family: Helvetica, sans-serif;\">\u00a0<\/span><\/b><\/p><p style=\"margin: 0cm 0cm 10pt; line-height: 22px; font-size: 11pt; font-family: Calibri, sans-serif; color: #000000; font-style: normal; font-weight: 400;\">\u00a0<\/p>\t\t\t\t\t\t<\/div>\n\t\t\t\t<\/div>\n\t\t\t\t\t<\/div>\n\t\t<\/div>\n\t\t\t\t<div class=\"elementor-column elementor-col-50 elementor-top-column elementor-element elementor-element-8760891\" data-id=\"8760891\" data-element_type=\"column\" data-settings=\"{&quot;architecturer_ext_is_mobile_menu&quot;:&quot;false&quot;,&quot;architecturer_ext_is_scrollme&quot;:&quot;false&quot;,&quot;architecturer_ext_is_smoove&quot;:&quot;false&quot;,&quot;architecturer_ext_is_parallax_mouse&quot;:&quot;false&quot;,&quot;architecturer_ext_is_infinite&quot;:&quot;false&quot;,&quot;architecturer_ext_is_fadeout_animation&quot;:&quot;false&quot;}\">\n\t\t\t<div class=\"elementor-widget-wrap elementor-element-populated\">\n\t\t\t\t\t\t\t\t<div class=\"elementor-element elementor-element-ed53655 elementor-widget elementor-widget-image\" data-id=\"ed53655\" data-element_type=\"widget\" data-settings=\"{&quot;architecturer_image_is_animation&quot;:&quot;false&quot;,&quot;architecturer_ext_is_mobile_menu&quot;:&quot;false&quot;,&quot;architecturer_ext_is_scrollme&quot;:&quot;false&quot;,&quot;architecturer_ext_is_smoove&quot;:&quot;false&quot;,&quot;architecturer_ext_is_parallax_mouse&quot;:&quot;false&quot;,&quot;architecturer_ext_is_infinite&quot;:&quot;false&quot;,&quot;architecturer_ext_is_fadeout_animation&quot;:&quot;false&quot;}\" data-widget_type=\"image.default\">\n\t\t\t\t<div class=\"elementor-widget-container\">\n\t\t\t\t\t\t\t\t\t\t\t\t\t\t\t<img width=\"614\" height=\"1024\" src=\"https:\/\/famd.utalca.cl\/wp-content\/uploads\/2022\/08\/Afiche-FSM-614x1024.jpg\" class=\"attachment-large size-large\" alt=\"\" loading=\"lazy\" srcset=\"https:\/\/famd.utalca.cl\/wp-content\/uploads\/2022\/08\/Afiche-FSM-614x1024.jpg 614w, https:\/\/famd.utalca.cl\/wp-content\/uploads\/2022\/08\/Afiche-FSM-180x300.jpg 180w, https:\/\/famd.utalca.cl\/wp-content\/uploads\/2022\/08\/Afiche-FSM-768x1280.jpg 768w, https:\/\/famd.utalca.cl\/wp-content\/uploads\/2022\/08\/Afiche-FSM-922x1536.jpg 922w, https:\/\/famd.utalca.cl\/wp-content\/uploads\/2022\/08\/Afiche-FSM-1229x2048.jpg 1229w, https:\/\/famd.utalca.cl\/wp-content\/uploads\/2022\/08\/Afiche-FSM-440x733.jpg 440w, https:\/\/famd.utalca.cl\/wp-content\/uploads\/2022\/08\/Afiche-FSM-scaled.jpg 1536w\" sizes=\"(max-width: 614px) 100vw, 614px\" \/>\t\t\t\t\t\t\t\t\t\t\t\t\t\t\t<\/div>\n\t\t\t\t<\/div>\n\t\t\t\t\t<\/div>\n\t\t<\/div>\n\t\t\t\t\t\t\t<\/div>\n\t\t<\/section>\n\t\t\t\t\t\t<\/div>\n\t\t\t\t\t<\/div>\n\t\t","protected":false},"excerpt":{"rendered":"<p>Feos, sucios &amp; malosUna arquitectura contempor\u00e1nea en Latinoam\u00e9rica \u00a0 La obra corresponde a un ensayo audiovisual que aglutina el pensamiento asociado al actual estado de la arquitectura latinoamericana a trav\u00e9s del relato oral, construyendo el retrato humano de un grupo [&hellip;]<\/p>\n","protected":false},"author":1,"featured_media":0,"parent":0,"menu_order":0,"comment_status":"closed","ping_status":"closed","template":"","meta":[],"_links":{"self":[{"href":"https:\/\/famd.utalca.cl\/index.php?rest_route=\/wp\/v2\/pages\/4537"}],"collection":[{"href":"https:\/\/famd.utalca.cl\/index.php?rest_route=\/wp\/v2\/pages"}],"about":[{"href":"https:\/\/famd.utalca.cl\/index.php?rest_route=\/wp\/v2\/types\/page"}],"author":[{"embeddable":true,"href":"https:\/\/famd.utalca.cl\/index.php?rest_route=\/wp\/v2\/users\/1"}],"replies":[{"embeddable":true,"href":"https:\/\/famd.utalca.cl\/index.php?rest_route=%2Fwp%2Fv2%2Fcomments&post=4537"}],"version-history":[{"count":4,"href":"https:\/\/famd.utalca.cl\/index.php?rest_route=\/wp\/v2\/pages\/4537\/revisions"}],"predecessor-version":[{"id":4548,"href":"https:\/\/famd.utalca.cl\/index.php?rest_route=\/wp\/v2\/pages\/4537\/revisions\/4548"}],"wp:attachment":[{"href":"https:\/\/famd.utalca.cl\/index.php?rest_route=%2Fwp%2Fv2%2Fmedia&parent=4537"}],"curies":[{"name":"wp","href":"https:\/\/api.w.org\/{rel}","templated":true}]}}