{"id":4542,"date":"2022-08-09T21:34:17","date_gmt":"2022-08-10T00:34:17","guid":{"rendered":"https:\/\/famd.utalca.cl\/?page_id=4542"},"modified":"2022-08-11T00:35:00","modified_gmt":"2022-08-11T03:35:00","slug":"creacion-4","status":"publish","type":"page","link":"https:\/\/famd.utalca.cl\/?page_id=4542","title":{"rendered":"CREACI\u00d3N 4"},"content":{"rendered":"\t\t<div data-elementor-type=\"wp-post\" data-elementor-id=\"4542\" class=\"elementor elementor-4542\" data-elementor-settings=\"[]\">\n\t\t\t\t\t\t\t<div class=\"elementor-section-wrap\">\n\t\t\t\t\t\t\t<section class=\"elementor-section elementor-top-section elementor-element elementor-element-c2cb298 elementor-section-boxed elementor-section-height-default elementor-section-height-default\" data-id=\"c2cb298\" data-element_type=\"section\" data-settings=\"{&quot;architecturer_ext_is_background_parallax&quot;:&quot;false&quot;,&quot;architecturer_ext_is_background_on_scroll&quot;:&quot;false&quot;}\">\n\t\t\t\t\t\t<div class=\"elementor-container elementor-column-gap-no\">\n\t\t\t\t\t<div class=\"elementor-column elementor-col-50 elementor-top-column elementor-element elementor-element-7a5616b\" data-id=\"7a5616b\" data-element_type=\"column\" data-settings=\"{&quot;architecturer_ext_is_mobile_menu&quot;:&quot;false&quot;,&quot;architecturer_ext_is_scrollme&quot;:&quot;false&quot;,&quot;architecturer_ext_is_smoove&quot;:&quot;false&quot;,&quot;architecturer_ext_is_parallax_mouse&quot;:&quot;false&quot;,&quot;architecturer_ext_is_infinite&quot;:&quot;false&quot;,&quot;architecturer_ext_is_fadeout_animation&quot;:&quot;false&quot;}\">\n\t\t\t<div class=\"elementor-widget-wrap elementor-element-populated\">\n\t\t\t\t\t\t\t\t<div class=\"elementor-element elementor-element-1c713d3 animated-fast elementor-invisible elementor-widget elementor-widget-text-editor\" data-id=\"1c713d3\" data-element_type=\"widget\" data-settings=\"{&quot;_animation&quot;:&quot;fadeInUp&quot;,&quot;architecturer_ext_is_mobile_menu&quot;:&quot;false&quot;,&quot;architecturer_ext_is_scrollme&quot;:&quot;false&quot;,&quot;architecturer_ext_is_smoove&quot;:&quot;false&quot;,&quot;architecturer_ext_is_parallax_mouse&quot;:&quot;false&quot;,&quot;architecturer_ext_is_infinite&quot;:&quot;false&quot;,&quot;architecturer_ext_is_fadeout_animation&quot;:&quot;false&quot;}\" data-widget_type=\"text-editor.default\">\n\t\t\t\t<div class=\"elementor-widget-container\">\n\t\t\t\t\t\t\t\t\t\t\t\t\t<\/div>\n\t\t\t\t<\/div>\n\t\t\t\t<div class=\"elementor-element elementor-element-2d526ae animated-fast elementor-invisible elementor-widget elementor-widget-heading\" data-id=\"2d526ae\" data-element_type=\"widget\" data-settings=\"{&quot;_animation&quot;:&quot;fadeInUp&quot;,&quot;_animation_delay&quot;:200,&quot;architecturer_ext_is_mobile_menu&quot;:&quot;false&quot;,&quot;architecturer_ext_is_scrollme&quot;:&quot;false&quot;,&quot;architecturer_ext_is_smoove&quot;:&quot;false&quot;,&quot;architecturer_ext_is_parallax_mouse&quot;:&quot;false&quot;,&quot;architecturer_ext_is_infinite&quot;:&quot;false&quot;,&quot;architecturer_ext_is_fadeout_animation&quot;:&quot;false&quot;}\" data-widget_type=\"heading.default\">\n\t\t\t\t<div class=\"elementor-widget-container\">\n\t\t\t<h1 class=\"elementor-heading-title elementor-size-default\">Silogr\u00e1fica, <br>pinturas urbanas en el paisaje rural<br><\/h1>\t\t<\/div>\n\t\t\t\t<\/div>\n\t\t\t\t<div class=\"elementor-element elementor-element-3a5d4a6 animated-fast elementor-invisible elementor-widget elementor-widget-text-editor\" data-id=\"3a5d4a6\" data-element_type=\"widget\" data-settings=\"{&quot;_animation&quot;:&quot;fadeInUp&quot;,&quot;_animation_delay&quot;:400,&quot;architecturer_ext_is_mobile_menu&quot;:&quot;false&quot;,&quot;architecturer_ext_is_scrollme&quot;:&quot;false&quot;,&quot;architecturer_ext_is_smoove&quot;:&quot;false&quot;,&quot;architecturer_ext_is_parallax_mouse&quot;:&quot;false&quot;,&quot;architecturer_ext_is_infinite&quot;:&quot;false&quot;,&quot;architecturer_ext_is_fadeout_animation&quot;:&quot;false&quot;}\" data-widget_type=\"text-editor.default\">\n\t\t\t\t<div class=\"elementor-widget-container\">\n\t\t\t\t\t\t\t<p style=\"margin: 0cm 0cm 10pt; font-size: 12pt; font-family: Cambria, serif; color: #000000; font-style: normal;\"><span style=\"font-family: Helvetica, sans-serif; color: gray; padding: 0cm; border: 1pt none windowtext;\"><b>Del paisaje como soporte<\/b><\/span><\/p><p style=\"margin: 0cm 0cm 10pt; font-size: 12pt; font-family: Cambria, serif; color: #000000; font-style: normal; font-weight: 400; text-align: justify;\"><span style=\"font-family: Helvetica, sans-serif; color: gray; padding: 0cm; border: 1pt none windowtext;\">Desde tiempos remotos el paisaje rural maulino en su connotaci\u00f3n geogr\u00e1fica y cultural ha funcionado como un sistema esencial en la prolongaci\u00f3n de comunidades, sobre todo desde aquella relaci\u00f3n de trabajo que establece el hombre con la naturaleza. Sin embargo, actualmente aquellos territorios se encuentran al margen del desarrollo, tomando distancia respecto a los modos de vida contempor\u00e1nea. Este fen\u00f3meno se ve reflejado en una ruralidad amenazada constantemente por la violenta expansi\u00f3n urbana y los efectos colaterales de la globalizaci\u00f3n, resistiendo en gran parte gracias sus sistemas productivos agr\u00edcolas, los cuales han logrado darle cierta continuidad a una identidad que a la fecha pareciera confusa.\u00a0<\/span><\/p><p style=\"margin: 0cm 0cm 10pt; font-size: 12pt; font-family: Cambria, serif; color: #000000; font-style: normal; font-weight: 400; text-align: justify;\"><span style=\"font-family: Helvetica, sans-serif; color: gray; padding: 0cm; border: 1pt none windowtext;\">Cada vez m\u00e1s los habitantes de la ruralidad se desprenden de sus localidades para trasladarse a las ciudades, sacrificando la permanencia de comunidades y\u00a0 tradiciones. Cada vez m\u00e1s\u00a0 el crecimiento expansivo de la estructura urbana se ha encargado de disolver los valores tangibles e intangibles del paisaje rural mediante m\u00e1s calles asfaltadas y edificios.<\/span><\/p><p style=\"margin: 0cm; font-size: 12pt; font-family: Cambria, serif; color: #000000; font-style: normal;\"><span style=\"color: gray; font-family: Helvetica, sans-serif; font-size: 16px; text-align: justify;\"><b>Del proyecto<\/b><\/span><\/p><p style=\"margin: 0cm 0cm 10pt; font-size: 12pt; font-family: Cambria, serif; color: #000000; font-style: normal; font-weight: 400; text-align: justify;\"><span style=\"font-family: Helvetica, sans-serif; color: gray; padding: 0cm; border: 1pt none windowtext;\">Silogr\u00e1fica es un proyecto de gran escala que busca poner en valor el paisaje rural de la regi\u00f3n del Maule a partir de la pintura urbana, utilizando como soporte olvidadas e ic\u00f3nicas preexistencias arquitect\u00f3nicas asociadas a entornos productivos. Dos antiguos silos de hormig\u00f3n armado de 16 y 20 metros de altura han sido intervenidos durante los a\u00f1os 2021 y 2022 por BascoVazko y Conilars, dos destacados muralistas chilenos representantes de la escena nacional e internacional del Street Art. Estas primeras obras configurar\u00e1n el inicio de un ambicioso proyecto, el cual busca a largo plazo construir la primera galer\u00eda abierta de arte urbano en el pa\u00eds, a partir de la intervenci\u00f3n de 10 silos ubicados precisamente en los paisajes rurales del Maule.<\/span><\/p><p style=\"margin: 0cm 0cm 10pt; font-size: 12pt; font-family: Cambria, serif; color: #000000; font-style: normal; font-weight: 400; text-align: justify;\"><span style=\"font-family: Helvetica, sans-serif; color: gray; padding: 0cm; border: 1pt none windowtext;\">El muralismo por lo tanto se posiciona como un producto positivo generado por las ciudades y este proyecto justamente busca reconocer y explorar sus posibilidades, sac\u00e1ndolo de su contexto urbano para llevarlo al paisaje productivo rural, logrando a partir de esta acci\u00f3n una puesta en valor consistente.\u00a0<\/span><\/p><p style=\"margin: 0cm 0cm 10pt; font-size: 12pt; font-family: Cambria, serif; color: #000000; font-style: normal; font-weight: 400; text-align: justify;\"><span style=\"font-family: Helvetica, sans-serif; color: gray; padding: 0cm; border: 1pt none windowtext;\">De esta manera el proyecto Silogr\u00e1fica intenta compensar el descuido que en los \u00faltimos a\u00f1os ha causado la malograda expansi\u00f3n urbana en los paisajes rurales de nuestra regi\u00f3n, vinculando 2 contextos opuestos a partir de un contrapunto, en donde el arte callejero y la ruralidad en su coexistencia conforman la obra de arte.\u00a0 Finalmente La obra dignifica al edificio y su entorno, transformando a estos silos en piezas art\u00edsticas de gran formato posible de apreciar a distintas escalas de aproximaci\u00f3n.<\/span><\/p><p style=\"margin: 0cm 0cm 10pt; font-size: 12pt; font-family: Cambria, serif; color: #000000; font-style: normal; font-weight: 400; text-align: justify;\"><span style=\"color: gray; font-family: Helvetica, sans-serif; font-size: 16px; text-align: left;\">Autor del proyecto:\u00a0<\/span><span style=\"color: gray; font-family: Helvetica, sans-serif; font-size: 16px; text-align: left;\">Victor Letelier Lara.<\/span><\/p><p style=\"margin: 0cm; font-size: 12pt; font-family: Cambria, serif; color: #000000; font-style: normal; font-weight: 400;\"><span style=\"font-family: Helvetica, sans-serif; color: gray; padding: 0cm; border: 1pt none windowtext;\">Intervenci\u00f3n 1<\/span><\/p><p style=\"margin: 0cm; font-size: 12pt; font-family: Cambria, serif; color: #000000; font-style: normal; font-weight: 400;\"><span style=\"color: gray; font-family: Helvetica, sans-serif; font-size: 16px;\">Artista:\u00a0<\/span><span style=\"color: gray; font-family: Helvetica, sans-serif; font-size: 16px;\">BascoVazko\u00a0 \u00a0 \u00a0 \u00a0 \u00a0 \u00a0 \u00a0 \u00a0 \u00a0 \u00a0 \u00a0 \u00a0 \u00a0 \u00a0 \u00a0 \u00a0 \u00a0 \u00a0 \u00a0 \u00a0 \u00a0 \u00a0 \u00a0 \u00a0 \u00a0 \u00a0 \u00a0 \u00a0 \u00a0 \u00a0 \u00a0 \u00a0 \u00a0 \u00a0 \u00a0 \u00a0 \u00a0 \u00a0 \u00a0 \u00a0 <\/span><span style=\"font-size: 16px; font-style: normal; font-weight: 400; color: gray; font-family: Helvetica, sans-serif;\">Ubicaci\u00f3n: Callejones, comuna de Maule.\u00a0 \u00a0 \u00a0 \u00a0 \u00a0 \u00a0 \u00a0 \u00a0 \u00a0 \u00a0 \u00a0 \u00a0 \u00a0 \u00a0 \u00a0 \u00a0 \u00a0 \u00a0 \u00a0 \u00a0 \u00a0 \u00a0 \u00a0 \u00a0 \u00a0 \u00a0 <\/span><span style=\"font-size: 16px; font-style: normal; font-weight: 400; color: gray; font-family: Helvetica, sans-serif;\">Fecha: Febrero, 2021.<\/span><\/p><p style=\"margin: 0cm; font-size: 12pt; font-family: Cambria, serif; color: #000000; font-style: normal; font-weight: 400;\"><span style=\"color: gray; font-family: Helvetica, sans-serif; font-size: 16px;\">Intervenci\u00f3n 2<\/span><\/p><p style=\"margin: 0cm; font-size: 12pt; font-family: Cambria, serif; color: #000000; font-style: normal; font-weight: 400;\"><span style=\"font-family: Helvetica, sans-serif; color: gray; padding: 0cm; border: 1pt none windowtext;\">Artista: Conilars\u00a0 \u00a0 \u00a0 \u00a0 \u00a0 \u00a0 \u00a0 \u00a0 \u00a0 \u00a0 \u00a0 \u00a0 \u00a0 \u00a0 \u00a0 \u00a0 \u00a0 \u00a0 \u00a0 \u00a0 \u00a0 \u00a0 \u00a0 \u00a0 \u00a0 \u00a0 \u00a0 \u00a0 \u00a0 \u00a0 \u00a0 \u00a0 \u00a0 \u00a0 \u00a0 \u00a0 \u00a0 \u00a0 \u00a0 \u00a0 \u00a0 \u00a0 \u00a0 \u00a0 <\/span><span style=\"color: gray; font-family: Helvetica, sans-serif; font-size: 16px;\">Ubicaci\u00f3n: Sector La Finca, comuna de Villa Alegre.\u00a0 \u00a0 \u00a0 \u00a0 \u00a0 \u00a0 \u00a0 \u00a0 \u00a0 \u00a0 \u00a0 \u00a0 \u00a0 \u00a0 \u00a0 \u00a0 \u00a0 \u00a0 <\/span><span style=\"color: gray; font-family: Helvetica, sans-serif; font-size: 16px;\">Fecha: Abril, 2022.<\/span><span style=\"color: gray; font-family: Helvetica, sans-serif; font-size: 16px; text-align: justify;\">\u00a0<\/span><\/p><p style=\"margin: 0cm; font-size: 12pt; font-family: Cambria, serif; color: #000000; font-style: normal; font-weight: 400; text-align: justify;\"><span style=\"font-family: Helvetica, sans-serif; color: gray; padding: 0cm; border: 1pt none windowtext;\">\u00a0<\/span><\/p>\t\t\t\t\t\t<\/div>\n\t\t\t\t<\/div>\n\t\t\t\t\t<\/div>\n\t\t<\/div>\n\t\t\t\t<div class=\"elementor-column elementor-col-50 elementor-top-column elementor-element elementor-element-8760891\" data-id=\"8760891\" data-element_type=\"column\" data-settings=\"{&quot;architecturer_ext_is_mobile_menu&quot;:&quot;false&quot;,&quot;architecturer_ext_is_scrollme&quot;:&quot;false&quot;,&quot;architecturer_ext_is_smoove&quot;:&quot;false&quot;,&quot;architecturer_ext_is_parallax_mouse&quot;:&quot;false&quot;,&quot;architecturer_ext_is_infinite&quot;:&quot;false&quot;,&quot;architecturer_ext_is_fadeout_animation&quot;:&quot;false&quot;}\">\n\t\t\t<div class=\"elementor-widget-wrap\">\n\t\t\t\t\t\t\t\t\t<\/div>\n\t\t<\/div>\n\t\t\t\t\t\t\t<\/div>\n\t\t<\/section>\n\t\t\t\t<section class=\"elementor-section elementor-top-section elementor-element elementor-element-df54a55 elementor-section-boxed elementor-section-height-default elementor-section-height-default\" data-id=\"df54a55\" data-element_type=\"section\" data-settings=\"{&quot;architecturer_ext_is_background_parallax&quot;:&quot;false&quot;,&quot;architecturer_ext_is_background_on_scroll&quot;:&quot;false&quot;}\">\n\t\t\t\t\t\t<div class=\"elementor-container elementor-column-gap-default\">\n\t\t\t\t\t<div class=\"elementor-column elementor-col-50 elementor-top-column elementor-element elementor-element-839baa5\" data-id=\"839baa5\" data-element_type=\"column\" data-settings=\"{&quot;architecturer_ext_is_mobile_menu&quot;:&quot;false&quot;,&quot;architecturer_ext_is_scrollme&quot;:&quot;false&quot;,&quot;architecturer_ext_is_smoove&quot;:&quot;false&quot;,&quot;architecturer_ext_is_parallax_mouse&quot;:&quot;false&quot;,&quot;architecturer_ext_is_infinite&quot;:&quot;false&quot;,&quot;architecturer_ext_is_fadeout_animation&quot;:&quot;false&quot;}\">\n\t\t\t<div class=\"elementor-widget-wrap elementor-element-populated\">\n\t\t\t\t\t\t\t\t<div class=\"elementor-element elementor-element-da688ce elementor-widget elementor-widget-image\" data-id=\"da688ce\" data-element_type=\"widget\" data-settings=\"{&quot;architecturer_image_is_animation&quot;:&quot;false&quot;,&quot;architecturer_ext_is_mobile_menu&quot;:&quot;false&quot;,&quot;architecturer_ext_is_scrollme&quot;:&quot;false&quot;,&quot;architecturer_ext_is_smoove&quot;:&quot;false&quot;,&quot;architecturer_ext_is_parallax_mouse&quot;:&quot;false&quot;,&quot;architecturer_ext_is_infinite&quot;:&quot;false&quot;,&quot;architecturer_ext_is_fadeout_animation&quot;:&quot;false&quot;}\" data-widget_type=\"image.default\">\n\t\t\t\t<div class=\"elementor-widget-container\">\n\t\t\t\t\t\t\t\t\t\t\t\t\t\t\t<img width=\"1024\" height=\"576\" src=\"https:\/\/famd.utalca.cl\/wp-content\/uploads\/2022\/08\/DJI_0518-1024x576.jpg\" class=\"attachment-large size-large\" alt=\"\" loading=\"lazy\" srcset=\"https:\/\/famd.utalca.cl\/wp-content\/uploads\/2022\/08\/DJI_0518-1024x576.jpg 1024w, https:\/\/famd.utalca.cl\/wp-content\/uploads\/2022\/08\/DJI_0518-300x169.jpg 300w, https:\/\/famd.utalca.cl\/wp-content\/uploads\/2022\/08\/DJI_0518-768x432.jpg 768w, https:\/\/famd.utalca.cl\/wp-content\/uploads\/2022\/08\/DJI_0518-1536x864.jpg 1536w, https:\/\/famd.utalca.cl\/wp-content\/uploads\/2022\/08\/DJI_0518-2048x1152.jpg 2048w, https:\/\/famd.utalca.cl\/wp-content\/uploads\/2022\/08\/DJI_0518-440x248.jpg 440w\" sizes=\"(max-width: 1024px) 100vw, 1024px\" \/>\t\t\t\t\t\t\t\t\t\t\t\t\t\t\t<\/div>\n\t\t\t\t<\/div>\n\t\t\t\t\t<\/div>\n\t\t<\/div>\n\t\t\t\t<div class=\"elementor-column elementor-col-50 elementor-top-column elementor-element elementor-element-29a8f0e\" data-id=\"29a8f0e\" data-element_type=\"column\" data-settings=\"{&quot;architecturer_ext_is_mobile_menu&quot;:&quot;false&quot;,&quot;architecturer_ext_is_scrollme&quot;:&quot;false&quot;,&quot;architecturer_ext_is_smoove&quot;:&quot;false&quot;,&quot;architecturer_ext_is_parallax_mouse&quot;:&quot;false&quot;,&quot;architecturer_ext_is_infinite&quot;:&quot;false&quot;,&quot;architecturer_ext_is_fadeout_animation&quot;:&quot;false&quot;}\">\n\t\t\t<div class=\"elementor-widget-wrap elementor-element-populated\">\n\t\t\t\t\t\t\t\t<div class=\"elementor-element elementor-element-3be3b19 elementor-widget elementor-widget-image\" data-id=\"3be3b19\" data-element_type=\"widget\" data-settings=\"{&quot;architecturer_image_is_animation&quot;:&quot;false&quot;,&quot;architecturer_ext_is_mobile_menu&quot;:&quot;false&quot;,&quot;architecturer_ext_is_scrollme&quot;:&quot;false&quot;,&quot;architecturer_ext_is_smoove&quot;:&quot;false&quot;,&quot;architecturer_ext_is_parallax_mouse&quot;:&quot;false&quot;,&quot;architecturer_ext_is_infinite&quot;:&quot;false&quot;,&quot;architecturer_ext_is_fadeout_animation&quot;:&quot;false&quot;}\" data-widget_type=\"image.default\">\n\t\t\t\t<div class=\"elementor-widget-container\">\n\t\t\t\t\t\t\t\t\t\t\t\t\t\t\t<img width=\"1024\" height=\"576\" src=\"https:\/\/famd.utalca.cl\/wp-content\/uploads\/2022\/08\/DJI_0176-1024x576.jpg\" class=\"attachment-large size-large\" alt=\"\" loading=\"lazy\" srcset=\"https:\/\/famd.utalca.cl\/wp-content\/uploads\/2022\/08\/DJI_0176-1024x576.jpg 1024w, https:\/\/famd.utalca.cl\/wp-content\/uploads\/2022\/08\/DJI_0176-300x169.jpg 300w, https:\/\/famd.utalca.cl\/wp-content\/uploads\/2022\/08\/DJI_0176-768x432.jpg 768w, https:\/\/famd.utalca.cl\/wp-content\/uploads\/2022\/08\/DJI_0176-1536x864.jpg 1536w, https:\/\/famd.utalca.cl\/wp-content\/uploads\/2022\/08\/DJI_0176-2048x1152.jpg 2048w, https:\/\/famd.utalca.cl\/wp-content\/uploads\/2022\/08\/DJI_0176-440x248.jpg 440w\" sizes=\"(max-width: 1024px) 100vw, 1024px\" \/>\t\t\t\t\t\t\t\t\t\t\t\t\t\t\t<\/div>\n\t\t\t\t<\/div>\n\t\t\t\t\t<\/div>\n\t\t<\/div>\n\t\t\t\t\t\t\t<\/div>\n\t\t<\/section>\n\t\t\t\t\t\t<\/div>\n\t\t\t\t\t<\/div>\n\t\t","protected":false},"excerpt":{"rendered":"<p>Silogr\u00e1fica, pinturas urbanas en el paisaje rural Del paisaje como soporte Desde tiempos remotos el paisaje rural maulino en su connotaci\u00f3n geogr\u00e1fica y cultural ha funcionado como un sistema esencial en la prolongaci\u00f3n de comunidades, sobre todo desde aquella relaci\u00f3n [&hellip;]<\/p>\n","protected":false},"author":1,"featured_media":0,"parent":0,"menu_order":0,"comment_status":"closed","ping_status":"closed","template":"","meta":[],"_links":{"self":[{"href":"https:\/\/famd.utalca.cl\/index.php?rest_route=\/wp\/v2\/pages\/4542"}],"collection":[{"href":"https:\/\/famd.utalca.cl\/index.php?rest_route=\/wp\/v2\/pages"}],"about":[{"href":"https:\/\/famd.utalca.cl\/index.php?rest_route=\/wp\/v2\/types\/page"}],"author":[{"embeddable":true,"href":"https:\/\/famd.utalca.cl\/index.php?rest_route=\/wp\/v2\/users\/1"}],"replies":[{"embeddable":true,"href":"https:\/\/famd.utalca.cl\/index.php?rest_route=%2Fwp%2Fv2%2Fcomments&post=4542"}],"version-history":[{"count":7,"href":"https:\/\/famd.utalca.cl\/index.php?rest_route=\/wp\/v2\/pages\/4542\/revisions"}],"predecessor-version":[{"id":4594,"href":"https:\/\/famd.utalca.cl\/index.php?rest_route=\/wp\/v2\/pages\/4542\/revisions\/4594"}],"wp:attachment":[{"href":"https:\/\/famd.utalca.cl\/index.php?rest_route=%2Fwp%2Fv2%2Fmedia&parent=4542"}],"curies":[{"name":"wp","href":"https:\/\/api.w.org\/{rel}","templated":true}]}}